{"id":382,"date":"2020-12-01T12:54:53","date_gmt":"2020-12-01T10:54:53","guid":{"rendered":"https:\/\/comomeoyes.com\/blog\/?page_id=382"},"modified":"2020-12-02T08:07:27","modified_gmt":"2020-12-02T06:07:27","slug":"app-comomeoyes","status":"publish","type":"page","link":"https:\/\/comomeoyes.com\/blog\/app-comomeoyes\/","title":{"rendered":"App ComoMeOyes"},"content":{"rendered":"\n<p>At ComoMeOyes we have developed an application to simulate how a person with hearing loss hears your voice.<\/p>\n\n\n\n<div class=\"wp-block-image\"><figure class=\"aligncenter size-large\"><a href=\"\/app.php\"><img loading=\"lazy\" decoding=\"async\" width=\"1024\" height=\"1024\" src=\"https:\/\/comomeoyes.com\/blog\/wp-content\/uploads\/2019\/08\/03_04_1200-e1565313001550-1024x1024.jpg\" alt=\"Legislaci\u00f3n sobre la detecci\u00f3n de la sordera en reci\u00e9n nacidos\" class=\"wp-image-54\" srcset=\"https:\/\/comomeoyes.com\/blog\/wp-content\/uploads\/2019\/08\/03_04_1200-e1565313001550-1024x1024.jpg 1024w, https:\/\/comomeoyes.com\/blog\/wp-content\/uploads\/2019\/08\/03_04_1200-e1565313001550-150x150.jpg 150w, https:\/\/comomeoyes.com\/blog\/wp-content\/uploads\/2019\/08\/03_04_1200-e1565313001550-300x300.jpg 300w, https:\/\/comomeoyes.com\/blog\/wp-content\/uploads\/2019\/08\/03_04_1200-e1565313001550-550x550.jpg 550w, https:\/\/comomeoyes.com\/blog\/wp-content\/uploads\/2019\/08\/03_04_1200-e1565313001550-1100x1100.jpg 1100w, https:\/\/comomeoyes.com\/blog\/wp-content\/uploads\/2019\/08\/03_04_1200-e1565313001550-500x500.jpg 500w, https:\/\/comomeoyes.com\/blog\/wp-content\/uploads\/2019\/08\/03_04_1200-e1565313001550-225x225.jpg 225w, https:\/\/comomeoyes.com\/blog\/wp-content\/uploads\/2019\/08\/03_04_1200-e1565313001550-200x200.jpg 200w, https:\/\/comomeoyes.com\/blog\/wp-content\/uploads\/2019\/08\/03_04_1200-e1565313001550-400x400.jpg 400w, https:\/\/comomeoyes.com\/blog\/wp-content\/uploads\/2019\/08\/03_04_1200-e1565313001550-600x600.jpg 600w, https:\/\/comomeoyes.com\/blog\/wp-content\/uploads\/2019\/08\/03_04_1200-e1565313001550-1200x1200.jpg 1200w, https:\/\/comomeoyes.com\/blog\/wp-content\/uploads\/2019\/08\/03_04_1200-e1565313001550-60x60.jpg 60w\" sizes=\"(max-width: 1024px) 100vw, 1024px\" \/><\/a><figcaption>Click on the image to go to the app now.<\/figcaption><\/figure><\/div>\n\n\n\n<p>Click on the image above to go to the <a href=\"\/app.php\">ComoMeOyes application<\/a> and experience this hearing simulation as a deaf person. If you have the audiogram of a person you know with hearing loss, we recommend that you customize the audiogram that you will find, to \u00abput yourself in their ears\u00bb for a few moments and hear like him or her.<\/p>\n\n\n\n<h2 class=\"wp-block-heading\">How does the ComoMeOyes application work?<\/h2>\n\n\n\n<div class=\"wp-block-image\"><figure class=\"aligncenter size-large\"><a href=\"\/app.php\"><img loading=\"lazy\" decoding=\"async\" width=\"1024\" height=\"571\" src=\"https:\/\/comomeoyes.com\/blog\/wp-content\/uploads\/2020\/11\/como-me-oyes-aplicacion-1024x571.png\" alt=\"\" class=\"wp-image-308\" srcset=\"https:\/\/comomeoyes.com\/blog\/wp-content\/uploads\/2020\/11\/como-me-oyes-aplicacion-1024x571.png 1024w, https:\/\/comomeoyes.com\/blog\/wp-content\/uploads\/2020\/11\/como-me-oyes-aplicacion-300x167.png 300w, https:\/\/comomeoyes.com\/blog\/wp-content\/uploads\/2020\/11\/como-me-oyes-aplicacion-768x428.png 768w, https:\/\/comomeoyes.com\/blog\/wp-content\/uploads\/2020\/11\/como-me-oyes-aplicacion.png 1055w\" sizes=\"(max-width: 1024px) 100vw, 1024px\" \/><\/a><figcaption>The application offers you a simple experience: record your voice for 10 seconds.<\/figcaption><\/figure><\/div>\n\n\n\n<p>After recording your voice for a maximum of 10 seconds, the ComoMeOyes application creates 4 videos. <\/p>\n\n\n\n<ul><li>The first one is simply your voice, as you hear it. <\/li><li>The second is the simulation of how the deaf person (with the hearing loss represented by the audiogram) hears your voice, just as you have chosen or customized it (mild, moderate, profound loss, or with the audiogram that you have personalized with the audiometry of your known person). <\/li><li>The other two videos correspond to isolating only the hearing loss from each of the two ears.<\/li><\/ul>\n\n\n\n<div class=\"wp-block-image\"><figure class=\"aligncenter size-large\"><a href=\"\/app.php\"><img loading=\"lazy\" decoding=\"async\" width=\"1024\" height=\"515\" src=\"https:\/\/comomeoyes.com\/blog\/wp-content\/uploads\/2020\/11\/como-me-oyes-resultados-aplicacion-1024x515.png\" alt=\"\" class=\"wp-image-310\" srcset=\"https:\/\/comomeoyes.com\/blog\/wp-content\/uploads\/2020\/11\/como-me-oyes-resultados-aplicacion-1024x515.png 1024w, https:\/\/comomeoyes.com\/blog\/wp-content\/uploads\/2020\/11\/como-me-oyes-resultados-aplicacion-300x151.png 300w, https:\/\/comomeoyes.com\/blog\/wp-content\/uploads\/2020\/11\/como-me-oyes-resultados-aplicacion-768x386.png 768w, https:\/\/comomeoyes.com\/blog\/wp-content\/uploads\/2020\/11\/como-me-oyes-resultados-aplicacion.png 1880w\" sizes=\"(max-width: 1024px) 100vw, 1024px\" \/><\/a><figcaption>Results of the ComoMeOyes application are 4 videos: your recording, your recording modified to simulate how the person with hearing loss hears your voice, and both ears isolated.<\/figcaption><\/figure><\/div>\n\n\n\n<h2 class=\"wp-block-heading\">What is the ComoMeOyes application for?<\/h2>\n\n\n\n<p>The goal of ComoMeOyes application is to listen to our own voice, with the ears of a person with hearing impairment. Living in our ears how a deaf person hears our own voice allows us to \u00abput ourselves in their shoes\u00bb, or rather, \u00abput ourselves in their ears\u00bb. It is an experience of empathy.<\/p>\n\n\n\n<p>\u00abWhat is empathy for?\u00bb Some may ask, perhaps with some bitterness. Well, apart from the obvious explanations, I would ask the most reticent people: why do human beings have the need to communicate? Putting ourselves in the shoes of the other has many consequences, and some of these consequences can be vital.<\/p>\n\n\n\n<h2 class=\"wp-block-heading\">How can we hear like another person?<\/h2>\n\n\n\n<p>Hearing impaired people know what exact loss your ears suffer at each frequency of a sound. That&#8217;s what an audiometry measures, and represents in an audiogram like the one below (like the audiogram you have in the ComoMeOyes app). <\/p>\n\n\n\n<div class=\"wp-block-image\"><figure class=\"aligncenter size-large\"><a href=\"\/app.php\"><img loading=\"lazy\" decoding=\"async\" width=\"624\" height=\"620\" src=\"https:\/\/comomeoyes.com\/blog\/wp-content\/uploads\/2020\/11\/como-me-oyes-audiograma.png\" alt=\"\" class=\"wp-image-309\" srcset=\"https:\/\/comomeoyes.com\/blog\/wp-content\/uploads\/2020\/11\/como-me-oyes-audiograma.png 624w, https:\/\/comomeoyes.com\/blog\/wp-content\/uploads\/2020\/11\/como-me-oyes-audiograma-300x298.png 300w, https:\/\/comomeoyes.com\/blog\/wp-content\/uploads\/2020\/11\/como-me-oyes-audiograma-150x150.png 150w, https:\/\/comomeoyes.com\/blog\/wp-content\/uploads\/2020\/11\/como-me-oyes-audiograma-60x60.png 60w\" sizes=\"(max-width: 624px) 100vw, 624px\" \/><\/a><figcaption>An audiogram is a graph that summarizes the results of an audiometry, the measurement of hearing loss at each sound frequency. Two curves are represented in this audiogram, one for each ear: right and left. Hearing losses can be very different in each ear.<\/figcaption><\/figure><\/div>\n\n\n\n<p>When a person with hearing impairment undergoes audiometry, their hearing loss is measured across a range of frequencies. The result of these measurements is summarized in a graph: the audiogram.<\/p>\n\n\n\n<h2 class=\"wp-block-heading\">What is an audiogram?<\/h2>\n\n\n\n<p>Each deaf person has an audiogram that indicates, for this person, what degree of hearing they have. Hearing loss is measured in each of the two ears. Hearing loss doesn&#8217;t have to be symmetrical; what&#8217;s more, the audiogram curve for the left ear and for the right ear usually have slight variations, and sometimes these differences can be very significant.<\/p>\n\n\n\n<div class=\"wp-block-image\"><figure class=\"aligncenter size-large\"><a href=\"\/app.php\"><img loading=\"lazy\" decoding=\"async\" width=\"770\" height=\"1024\" src=\"https:\/\/comomeoyes.com\/blog\/wp-content\/uploads\/2019\/08\/img_20190411_200534_541_1200-770x1024.jpg\" alt=\"\" class=\"wp-image-50\" srcset=\"https:\/\/comomeoyes.com\/blog\/wp-content\/uploads\/2019\/08\/img_20190411_200534_541_1200-770x1024.jpg 770w, https:\/\/comomeoyes.com\/blog\/wp-content\/uploads\/2019\/08\/img_20190411_200534_541_1200-226x300.jpg 226w, https:\/\/comomeoyes.com\/blog\/wp-content\/uploads\/2019\/08\/img_20190411_200534_541_1200-768x1021.jpg 768w, https:\/\/comomeoyes.com\/blog\/wp-content\/uploads\/2019\/08\/img_20190411_200534_541_1200.jpg 1200w\" sizes=\"(max-width: 770px) 100vw, 770px\" \/><\/a><\/figure><\/div>\n\n\n\n<p>Usually, when someone tells us \u00abI am deaf\u00bb, we imagine how they hear. But often this imagination is not correct. We imagine that \u00abhe hears us less\u00bb, but the question is \u00abhow much less?\u00bb. And this question is important, because it affects how we decide to communicate with the deaf person. <\/p>\n\n\n\n<p>It affects the volume of our voice. It affects how hard we work to make it see our face and be able to lean on lip reading. It affects the rhythm of our words. It affects how much we vocalize. It affects that we want to learn the sign language of your country.<\/p>\n\n\n\n<p>If he is our classmate at school, it affects because he may not have heard the teacher while his back was written on the board, thinking that the students already heard him. And it affects at recess, when everyone speaks loudly at the same time, and the deaf person, fighting against that indecipherable auditory invasion sometimes even for people with full hearing, cannot distinguish more than single words and must try to figure out what they are. the rest of the words that each one has said, trying to follow the conversation and be able to give their opinion and feel integrated.<\/p>\n\n\n\n<div class=\"wp-block-image\"><figure class=\"aligncenter size-large\"><a href=\"\/app.php\"><img loading=\"lazy\" decoding=\"async\" width=\"1024\" height=\"1024\" src=\"https:\/\/comomeoyes.com\/blog\/wp-content\/uploads\/2019\/08\/03_03_1200-e1565313282211-1024x1024.jpg\" alt=\"Enfermedades que pueden causar sordera\" class=\"wp-image-53\" srcset=\"https:\/\/comomeoyes.com\/blog\/wp-content\/uploads\/2019\/08\/03_03_1200-e1565313282211-1024x1024.jpg 1024w, https:\/\/comomeoyes.com\/blog\/wp-content\/uploads\/2019\/08\/03_03_1200-e1565313282211-150x150.jpg 150w, https:\/\/comomeoyes.com\/blog\/wp-content\/uploads\/2019\/08\/03_03_1200-e1565313282211-300x300.jpg 300w, https:\/\/comomeoyes.com\/blog\/wp-content\/uploads\/2019\/08\/03_03_1200-e1565313282211-550x550.jpg 550w, https:\/\/comomeoyes.com\/blog\/wp-content\/uploads\/2019\/08\/03_03_1200-e1565313282211-1100x1100.jpg 1100w, https:\/\/comomeoyes.com\/blog\/wp-content\/uploads\/2019\/08\/03_03_1200-e1565313282211-500x500.jpg 500w, https:\/\/comomeoyes.com\/blog\/wp-content\/uploads\/2019\/08\/03_03_1200-e1565313282211-225x225.jpg 225w, https:\/\/comomeoyes.com\/blog\/wp-content\/uploads\/2019\/08\/03_03_1200-e1565313282211-200x200.jpg 200w, https:\/\/comomeoyes.com\/blog\/wp-content\/uploads\/2019\/08\/03_03_1200-e1565313282211-400x400.jpg 400w, https:\/\/comomeoyes.com\/blog\/wp-content\/uploads\/2019\/08\/03_03_1200-e1565313282211-600x600.jpg 600w, https:\/\/comomeoyes.com\/blog\/wp-content\/uploads\/2019\/08\/03_03_1200-e1565313282211-60x60.jpg 60w\" sizes=\"(max-width: 1024px) 100vw, 1024px\" \/><\/a><\/figure><\/div>\n\n\n\n<p>If he is our friend, it plays a role when we communicate with him by phone, and when we choose to make a video call instead, and thus enjoy both of us the conversation.<\/p>\n\n\n\n<p>If she is our colleague at work, or our employee, or even our boss, it affects to preferably give him attention tasks to the public, which although she can do them just as well, it poses additional stress to the one suffered by a person without hearing loss. It affects when deciding that it is enough to transmit instructions or reports over the phone or that it is better to do it in person.<\/p>\n\n\n\n<div class=\"wp-block-image\"><figure class=\"aligncenter size-large\"><a href=\"\/app.php\"><img loading=\"lazy\" decoding=\"async\" width=\"768\" height=\"1024\" src=\"https:\/\/comomeoyes.com\/blog\/wp-content\/uploads\/2019\/08\/03_02_1200-768x1024.jpg\" alt=\"\" class=\"wp-image-52\" srcset=\"https:\/\/comomeoyes.com\/blog\/wp-content\/uploads\/2019\/08\/03_02_1200-768x1024.jpg 768w, https:\/\/comomeoyes.com\/blog\/wp-content\/uploads\/2019\/08\/03_02_1200-225x300.jpg 225w, https:\/\/comomeoyes.com\/blog\/wp-content\/uploads\/2019\/08\/03_02_1200.jpg 1200w\" sizes=\"(max-width: 768px) 100vw, 768px\" \/><\/a><\/figure><\/div>\n\n\n\n<p>It affects when discovering that a deaf person may have innate talents that people without hearing loss rarely have, because the person with deafness has spent their entire life observing not only the words of the interlocutor but every detail of their facial expressions, gestures, and other body language signals. And he will continue to do so.<\/p>\n\n\n\n<div class=\"wp-block-image\"><figure class=\"aligncenter size-large\"><a href=\"\/app.php\"><img loading=\"lazy\" decoding=\"async\" width=\"1024\" height=\"1024\" src=\"https:\/\/comomeoyes.com\/blog\/wp-content\/uploads\/2019\/08\/img_20190411_200457_993_1200-e1565312300725-1024x1024.jpg\" alt=\"detecci\u00f3n precoz de la sordera\" class=\"wp-image-47\" srcset=\"https:\/\/comomeoyes.com\/blog\/wp-content\/uploads\/2019\/08\/img_20190411_200457_993_1200-e1565312300725-1024x1024.jpg 1024w, https:\/\/comomeoyes.com\/blog\/wp-content\/uploads\/2019\/08\/img_20190411_200457_993_1200-e1565312300725-150x150.jpg 150w, https:\/\/comomeoyes.com\/blog\/wp-content\/uploads\/2019\/08\/img_20190411_200457_993_1200-e1565312300725-300x300.jpg 300w, https:\/\/comomeoyes.com\/blog\/wp-content\/uploads\/2019\/08\/img_20190411_200457_993_1200-e1565312300725-550x550.jpg 550w, https:\/\/comomeoyes.com\/blog\/wp-content\/uploads\/2019\/08\/img_20190411_200457_993_1200-e1565312300725-1100x1100.jpg 1100w, https:\/\/comomeoyes.com\/blog\/wp-content\/uploads\/2019\/08\/img_20190411_200457_993_1200-e1565312300725-500x500.jpg 500w, https:\/\/comomeoyes.com\/blog\/wp-content\/uploads\/2019\/08\/img_20190411_200457_993_1200-e1565312300725-225x225.jpg 225w, https:\/\/comomeoyes.com\/blog\/wp-content\/uploads\/2019\/08\/img_20190411_200457_993_1200-e1565312300725-200x200.jpg 200w, https:\/\/comomeoyes.com\/blog\/wp-content\/uploads\/2019\/08\/img_20190411_200457_993_1200-e1565312300725-400x400.jpg 400w, https:\/\/comomeoyes.com\/blog\/wp-content\/uploads\/2019\/08\/img_20190411_200457_993_1200-e1565312300725-600x600.jpg 600w, https:\/\/comomeoyes.com\/blog\/wp-content\/uploads\/2019\/08\/img_20190411_200457_993_1200-e1565312300725-60x60.jpg 60w\" sizes=\"(max-width: 1024px) 100vw, 1024px\" \/><\/a><\/figure><\/div>\n","protected":false},"excerpt":{"rendered":"<p>At ComoMeOyes we have developed an application to simulate how a person with hearing loss hears your voice. Click on the image above to go to the ComoMeOyes application and experience this hearing simulation as a deaf person. If you have the audiogram of a person you know with hearing loss, we recommend that you [&hellip;]<\/p>\n","protected":false},"author":2,"featured_media":0,"parent":0,"menu_order":0,"comment_status":"closed","ping_status":"closed","template":"","meta":{"footnotes":""},"yoast_head":"<!-- This site is optimized with the Yoast SEO plugin v22.6 - https:\/\/yoast.com\/wordpress\/plugins\/seo\/ -->\n<title>App ComoMeOyes ~ ComoMeOyes Blog<\/title>\n<meta name=\"robots\" content=\"index, follow, max-snippet:-1, max-image-preview:large, max-video-preview:-1\" \/>\n<link rel=\"canonical\" href=\"https:\/\/comomeoyes.com\/blog\/app-comomeoyes\/\" \/>\n<meta property=\"og:locale\" content=\"es_ES\" \/>\n<meta property=\"og:type\" content=\"article\" \/>\n<meta property=\"og:title\" content=\"App ComoMeOyes ~ ComoMeOyes Blog\" \/>\n<meta property=\"og:description\" content=\"At ComoMeOyes we have developed an application to simulate how a person with hearing loss hears your voice. Click on the image above to go to the ComoMeOyes application and experience this hearing simulation as a deaf person. If you have the audiogram of a person you know with hearing loss, we recommend that you [&hellip;]\" \/>\n<meta property=\"og:url\" content=\"https:\/\/comomeoyes.com\/blog\/app-comomeoyes\/\" \/>\n<meta property=\"og:site_name\" content=\"ComoMeOyes Blog\" \/>\n<meta property=\"article:publisher\" content=\"https:\/\/www.facebook.com\/comomeoyes\/\" \/>\n<meta property=\"article:modified_time\" content=\"2020-12-02T06:07:27+00:00\" \/>\n<meta property=\"og:image\" content=\"https:\/\/comomeoyes.com\/blog\/wp-content\/uploads\/2019\/08\/03_04_1200-e1565313001550-1024x1024.jpg\" \/>\n<meta name=\"twitter:card\" content=\"summary_large_image\" \/>\n<meta name=\"twitter:label1\" content=\"Tiempo de lectura\" \/>\n\t<meta name=\"twitter:data1\" content=\"4 minutos\" \/>\n<script type=\"application\/ld+json\" class=\"yoast-schema-graph\">{\"@context\":\"https:\/\/schema.org\",\"@graph\":[{\"@type\":\"WebPage\",\"@id\":\"https:\/\/comomeoyes.com\/blog\/app-comomeoyes\/\",\"url\":\"https:\/\/comomeoyes.com\/blog\/app-comomeoyes\/\",\"name\":\"App ComoMeOyes ~ ComoMeOyes Blog\",\"isPartOf\":{\"@id\":\"https:\/\/comomeoyes.com\/blog\/#website\"},\"primaryImageOfPage\":{\"@id\":\"https:\/\/comomeoyes.com\/blog\/app-comomeoyes\/#primaryimage\"},\"image\":{\"@id\":\"https:\/\/comomeoyes.com\/blog\/app-comomeoyes\/#primaryimage\"},\"thumbnailUrl\":\"https:\/\/comomeoyes.com\/blog\/wp-content\/uploads\/2019\/08\/03_04_1200-e1565313001550-1024x1024.jpg\",\"datePublished\":\"2020-12-01T10:54:53+00:00\",\"dateModified\":\"2020-12-02T06:07:27+00:00\",\"breadcrumb\":{\"@id\":\"https:\/\/comomeoyes.com\/blog\/app-comomeoyes\/#breadcrumb\"},\"inLanguage\":\"es\",\"potentialAction\":[{\"@type\":\"ReadAction\",\"target\":[\"https:\/\/comomeoyes.com\/blog\/app-comomeoyes\/\"]}]},{\"@type\":\"ImageObject\",\"inLanguage\":\"es\",\"@id\":\"https:\/\/comomeoyes.com\/blog\/app-comomeoyes\/#primaryimage\",\"url\":\"https:\/\/comomeoyes.com\/blog\/wp-content\/uploads\/2019\/08\/03_04_1200-e1565313001550.jpg\",\"contentUrl\":\"https:\/\/comomeoyes.com\/blog\/wp-content\/uploads\/2019\/08\/03_04_1200-e1565313001550.jpg\",\"width\":1200,\"height\":892,\"caption\":\"Legislaci\u00f3n sobre la detecci\u00f3n de la sordera en reci\u00e9n nacidos\"},{\"@type\":\"BreadcrumbList\",\"@id\":\"https:\/\/comomeoyes.com\/blog\/app-comomeoyes\/#breadcrumb\",\"itemListElement\":[{\"@type\":\"ListItem\",\"position\":1,\"name\":\"Portada\",\"item\":\"https:\/\/comomeoyes.com\/blog\/\"},{\"@type\":\"ListItem\",\"position\":2,\"name\":\"App ComoMeOyes\"}]},{\"@type\":\"WebSite\",\"@id\":\"https:\/\/comomeoyes.com\/blog\/#website\",\"url\":\"https:\/\/comomeoyes.com\/blog\/\",\"name\":\"ComoMeOyes Blog\",\"description\":\"Blog de ComoMeOyes\",\"publisher\":{\"@id\":\"https:\/\/comomeoyes.com\/blog\/#organization\"},\"potentialAction\":[{\"@type\":\"SearchAction\",\"target\":{\"@type\":\"EntryPoint\",\"urlTemplate\":\"https:\/\/comomeoyes.com\/blog\/?s={search_term_string}\"},\"query-input\":\"required name=search_term_string\"}],\"inLanguage\":\"es\"},{\"@type\":\"Organization\",\"@id\":\"https:\/\/comomeoyes.com\/blog\/#organization\",\"name\":\"ComoMeOyes\",\"url\":\"https:\/\/comomeoyes.com\/blog\/\",\"logo\":{\"@type\":\"ImageObject\",\"inLanguage\":\"es\",\"@id\":\"https:\/\/comomeoyes.com\/blog\/#\/schema\/logo\/image\/\",\"url\":\"https:\/\/comomeoyes.com\/blog\/wp-content\/uploads\/2018\/09\/favicon-96x96.png\",\"contentUrl\":\"https:\/\/comomeoyes.com\/blog\/wp-content\/uploads\/2018\/09\/favicon-96x96.png\",\"width\":96,\"height\":96,\"caption\":\"ComoMeOyes\"},\"image\":{\"@id\":\"https:\/\/comomeoyes.com\/blog\/#\/schema\/logo\/image\/\"},\"sameAs\":[\"https:\/\/www.facebook.com\/comomeoyes\/\",\"https:\/\/www.instagram.com\/comomeoyes\/\",\"https:\/\/www.linkedin.com\/company\/comomeoyes\"]}]}<\/script>\n<!-- \/ Yoast SEO plugin. -->","yoast_head_json":{"title":"App ComoMeOyes ~ ComoMeOyes Blog","robots":{"index":"index","follow":"follow","max-snippet":"max-snippet:-1","max-image-preview":"max-image-preview:large","max-video-preview":"max-video-preview:-1"},"canonical":"https:\/\/comomeoyes.com\/blog\/app-comomeoyes\/","og_locale":"es_ES","og_type":"article","og_title":"App ComoMeOyes ~ ComoMeOyes Blog","og_description":"At ComoMeOyes we have developed an application to simulate how a person with hearing loss hears your voice. Click on the image above to go to the ComoMeOyes application and experience this hearing simulation as a deaf person. If you have the audiogram of a person you know with hearing loss, we recommend that you [&hellip;]","og_url":"https:\/\/comomeoyes.com\/blog\/app-comomeoyes\/","og_site_name":"ComoMeOyes Blog","article_publisher":"https:\/\/www.facebook.com\/comomeoyes\/","article_modified_time":"2020-12-02T06:07:27+00:00","og_image":[{"url":"https:\/\/comomeoyes.com\/blog\/wp-content\/uploads\/2019\/08\/03_04_1200-e1565313001550-1024x1024.jpg"}],"twitter_card":"summary_large_image","twitter_misc":{"Tiempo de lectura":"4 minutos"},"schema":{"@context":"https:\/\/schema.org","@graph":[{"@type":"WebPage","@id":"https:\/\/comomeoyes.com\/blog\/app-comomeoyes\/","url":"https:\/\/comomeoyes.com\/blog\/app-comomeoyes\/","name":"App ComoMeOyes ~ ComoMeOyes Blog","isPartOf":{"@id":"https:\/\/comomeoyes.com\/blog\/#website"},"primaryImageOfPage":{"@id":"https:\/\/comomeoyes.com\/blog\/app-comomeoyes\/#primaryimage"},"image":{"@id":"https:\/\/comomeoyes.com\/blog\/app-comomeoyes\/#primaryimage"},"thumbnailUrl":"https:\/\/comomeoyes.com\/blog\/wp-content\/uploads\/2019\/08\/03_04_1200-e1565313001550-1024x1024.jpg","datePublished":"2020-12-01T10:54:53+00:00","dateModified":"2020-12-02T06:07:27+00:00","breadcrumb":{"@id":"https:\/\/comomeoyes.com\/blog\/app-comomeoyes\/#breadcrumb"},"inLanguage":"es","potentialAction":[{"@type":"ReadAction","target":["https:\/\/comomeoyes.com\/blog\/app-comomeoyes\/"]}]},{"@type":"ImageObject","inLanguage":"es","@id":"https:\/\/comomeoyes.com\/blog\/app-comomeoyes\/#primaryimage","url":"https:\/\/comomeoyes.com\/blog\/wp-content\/uploads\/2019\/08\/03_04_1200-e1565313001550.jpg","contentUrl":"https:\/\/comomeoyes.com\/blog\/wp-content\/uploads\/2019\/08\/03_04_1200-e1565313001550.jpg","width":1200,"height":892,"caption":"Legislaci\u00f3n sobre la detecci\u00f3n de la sordera en reci\u00e9n nacidos"},{"@type":"BreadcrumbList","@id":"https:\/\/comomeoyes.com\/blog\/app-comomeoyes\/#breadcrumb","itemListElement":[{"@type":"ListItem","position":1,"name":"Portada","item":"https:\/\/comomeoyes.com\/blog\/"},{"@type":"ListItem","position":2,"name":"App ComoMeOyes"}]},{"@type":"WebSite","@id":"https:\/\/comomeoyes.com\/blog\/#website","url":"https:\/\/comomeoyes.com\/blog\/","name":"ComoMeOyes Blog","description":"Blog de ComoMeOyes","publisher":{"@id":"https:\/\/comomeoyes.com\/blog\/#organization"},"potentialAction":[{"@type":"SearchAction","target":{"@type":"EntryPoint","urlTemplate":"https:\/\/comomeoyes.com\/blog\/?s={search_term_string}"},"query-input":"required name=search_term_string"}],"inLanguage":"es"},{"@type":"Organization","@id":"https:\/\/comomeoyes.com\/blog\/#organization","name":"ComoMeOyes","url":"https:\/\/comomeoyes.com\/blog\/","logo":{"@type":"ImageObject","inLanguage":"es","@id":"https:\/\/comomeoyes.com\/blog\/#\/schema\/logo\/image\/","url":"https:\/\/comomeoyes.com\/blog\/wp-content\/uploads\/2018\/09\/favicon-96x96.png","contentUrl":"https:\/\/comomeoyes.com\/blog\/wp-content\/uploads\/2018\/09\/favicon-96x96.png","width":96,"height":96,"caption":"ComoMeOyes"},"image":{"@id":"https:\/\/comomeoyes.com\/blog\/#\/schema\/logo\/image\/"},"sameAs":["https:\/\/www.facebook.com\/comomeoyes\/","https:\/\/www.instagram.com\/comomeoyes\/","https:\/\/www.linkedin.com\/company\/comomeoyes"]}]}},"_links":{"self":[{"href":"https:\/\/comomeoyes.com\/blog\/wp-json\/wp\/v2\/pages\/382"}],"collection":[{"href":"https:\/\/comomeoyes.com\/blog\/wp-json\/wp\/v2\/pages"}],"about":[{"href":"https:\/\/comomeoyes.com\/blog\/wp-json\/wp\/v2\/types\/page"}],"author":[{"embeddable":true,"href":"https:\/\/comomeoyes.com\/blog\/wp-json\/wp\/v2\/users\/2"}],"replies":[{"embeddable":true,"href":"https:\/\/comomeoyes.com\/blog\/wp-json\/wp\/v2\/comments?post=382"}],"version-history":[{"count":7,"href":"https:\/\/comomeoyes.com\/blog\/wp-json\/wp\/v2\/pages\/382\/revisions"}],"predecessor-version":[{"id":411,"href":"https:\/\/comomeoyes.com\/blog\/wp-json\/wp\/v2\/pages\/382\/revisions\/411"}],"wp:attachment":[{"href":"https:\/\/comomeoyes.com\/blog\/wp-json\/wp\/v2\/media?parent=382"}],"curies":[{"name":"wp","href":"https:\/\/api.w.org\/{rel}","templated":true}]}}