{"id":380,"date":"2020-12-01T12:56:46","date_gmt":"2020-12-01T10:56:46","guid":{"rendered":"https:\/\/comomeoyes.com\/blog\/?page_id=380"},"modified":"2020-12-02T09:39:47","modified_gmt":"2020-12-02T07:39:47","slug":"aplicacio-comomeoyes","status":"publish","type":"page","link":"https:\/\/comomeoyes.com\/blog\/aplicacio-comomeoyes\/","title":{"rendered":"Aplicaci\u00f3 ComoMeOyes"},"content":{"rendered":"\n<p>A ComoMeOyes hem desenvolupat una aplicaci\u00f3 per simular com ens sent una persona amb sordera.<\/p>\n\n\n\n<div class=\"wp-block-image\"><figure class=\"aligncenter size-large\"><a href=\"\/app.php\"><img loading=\"lazy\" decoding=\"async\" width=\"1024\" height=\"1024\" src=\"https:\/\/comomeoyes.com\/blog\/wp-content\/uploads\/2019\/08\/03_04_1200-e1565313001550-1024x1024.jpg\" alt=\"Legislaci\u00f3n sobre la detecci\u00f3n de la sordera en reci\u00e9n nacidos\" class=\"wp-image-54\" srcset=\"https:\/\/comomeoyes.com\/blog\/wp-content\/uploads\/2019\/08\/03_04_1200-e1565313001550-1024x1024.jpg 1024w, https:\/\/comomeoyes.com\/blog\/wp-content\/uploads\/2019\/08\/03_04_1200-e1565313001550-150x150.jpg 150w, https:\/\/comomeoyes.com\/blog\/wp-content\/uploads\/2019\/08\/03_04_1200-e1565313001550-300x300.jpg 300w, https:\/\/comomeoyes.com\/blog\/wp-content\/uploads\/2019\/08\/03_04_1200-e1565313001550-550x550.jpg 550w, https:\/\/comomeoyes.com\/blog\/wp-content\/uploads\/2019\/08\/03_04_1200-e1565313001550-1100x1100.jpg 1100w, https:\/\/comomeoyes.com\/blog\/wp-content\/uploads\/2019\/08\/03_04_1200-e1565313001550-500x500.jpg 500w, https:\/\/comomeoyes.com\/blog\/wp-content\/uploads\/2019\/08\/03_04_1200-e1565313001550-225x225.jpg 225w, https:\/\/comomeoyes.com\/blog\/wp-content\/uploads\/2019\/08\/03_04_1200-e1565313001550-200x200.jpg 200w, https:\/\/comomeoyes.com\/blog\/wp-content\/uploads\/2019\/08\/03_04_1200-e1565313001550-400x400.jpg 400w, https:\/\/comomeoyes.com\/blog\/wp-content\/uploads\/2019\/08\/03_04_1200-e1565313001550-600x600.jpg 600w, https:\/\/comomeoyes.com\/blog\/wp-content\/uploads\/2019\/08\/03_04_1200-e1565313001550-1200x1200.jpg 1200w, https:\/\/comomeoyes.com\/blog\/wp-content\/uploads\/2019\/08\/03_04_1200-e1565313001550-60x60.jpg 60w\" sizes=\"(max-width: 1024px) 100vw, 1024px\" \/><\/a><figcaption>Fes clic a la imatge per anar a l&#8217;aplicaci\u00f3 ara.<\/figcaption><\/figure><\/div>\n\n\n\n<p>Prem la imatge de dalt per <a href=\"\/app.php\">anar a l&#8217;aplicaci\u00f3 ComoMeOyes<\/a> i experimentar aquesta simulaci\u00f3 d&#8217;audici\u00f3 com una persona sorda. Si disposes de l&#8217;audiograma d&#8217;una persona que coneixes amb p\u00e8rdua auditiva, et recomanem que personalitzis l&#8217;audiograma que trobar\u00e0s, per a \u00abposar-te a les seves o\u00efdes\u00bb per uns instants y sentir com ell o ella.<\/p>\n\n\n\n<h2 class=\"wp-block-heading\">Com funciona l&#8217;aplicaci\u00f3 ComoMeOyes?<\/h2>\n\n\n\n<div class=\"wp-block-image\"><figure class=\"aligncenter size-large\"><a href=\"\/app.php\"><img loading=\"lazy\" decoding=\"async\" width=\"1024\" height=\"571\" src=\"https:\/\/comomeoyes.com\/blog\/wp-content\/uploads\/2020\/11\/como-me-oyes-aplicacion-1024x571.png\" alt=\"\" class=\"wp-image-308\" srcset=\"https:\/\/comomeoyes.com\/blog\/wp-content\/uploads\/2020\/11\/como-me-oyes-aplicacion-1024x571.png 1024w, https:\/\/comomeoyes.com\/blog\/wp-content\/uploads\/2020\/11\/como-me-oyes-aplicacion-300x167.png 300w, https:\/\/comomeoyes.com\/blog\/wp-content\/uploads\/2020\/11\/como-me-oyes-aplicacion-768x428.png 768w, https:\/\/comomeoyes.com\/blog\/wp-content\/uploads\/2020\/11\/como-me-oyes-aplicacion.png 1055w\" sizes=\"(max-width: 1024px) 100vw, 1024px\" \/><\/a><figcaption>L&#8217;aplicaci\u00f3 ComoMeOyes et proposa una experi\u00e8ncia senzilla: gravar la teva veu durant 10 segons.<\/figcaption><\/figure><\/div>\n\n\n\n<p>Despr\u00e9s de gravar la teva veu durant un m\u00e0xim de 10 segons, l&#8217;aplicaci\u00f3 ComoMeOyes crea 4 v\u00eddeos. El primer d&#8217;ells \u00e9s simplement la teva veu, tal com t\u00fa la sents. El segon \u00e9s la simulaci\u00f3 de com sent la teva veu la persona amb sordera que t\u00e9 la p\u00e8rdua auditiva especificada en l&#8217;audiograma, tal com t\u00fa l&#8217;hagis definit (escollint l&#8217;opci\u00f3 \u00abp\u00e8rdua lleu\u00bb, \u00abp\u00e8rdua moderada\u00bb o \u00abp\u00e8rdua profunda\u00bb, o b\u00e9 personalitzant-lo amb les dades de l&#8217;audiometria de la teva persona coneguda). Els dos darrers v\u00eddeos corresponen a a\u00efllar \u00fanicament la p\u00e8rdua auditiva de cadscuna de les dues o\u00efdes (dreta i esquerra).<\/p>\n\n\n\n<div class=\"wp-block-image\"><figure class=\"aligncenter size-large\"><a href=\"\/app.php\"><img loading=\"lazy\" decoding=\"async\" width=\"1024\" height=\"515\" src=\"https:\/\/comomeoyes.com\/blog\/wp-content\/uploads\/2020\/11\/como-me-oyes-resultados-aplicacion-1024x515.png\" alt=\"\" class=\"wp-image-310\" srcset=\"https:\/\/comomeoyes.com\/blog\/wp-content\/uploads\/2020\/11\/como-me-oyes-resultados-aplicacion-1024x515.png 1024w, https:\/\/comomeoyes.com\/blog\/wp-content\/uploads\/2020\/11\/como-me-oyes-resultados-aplicacion-300x151.png 300w, https:\/\/comomeoyes.com\/blog\/wp-content\/uploads\/2020\/11\/como-me-oyes-resultados-aplicacion-768x386.png 768w, https:\/\/comomeoyes.com\/blog\/wp-content\/uploads\/2020\/11\/como-me-oyes-resultados-aplicacion.png 1880w\" sizes=\"(max-width: 1024px) 100vw, 1024px\" \/><\/a><figcaption>Els resultats de l&#8217;aplicaci\u00f3 ComoMeOyes s\u00f3n 4 v\u00eddeos: la teva gravaci\u00f3, la gravaci\u00f3 modificada per simular com sent la teva veu la persona amb p\u00e8rdua auditiva, i les dues o\u00efdes a\u00efllades.<\/figcaption><\/figure><\/div>\n\n\n\n<p><\/p>\n\n\n\n<h2 class=\"wp-block-heading\">Per a qu\u00e8 serveix l&#8217;aplicaci\u00f3 de ComoMeOyes?<\/h2>\n\n\n\n<p>L&#8217;objetiu de l&#8217;aplicaci\u00f3 de ComoMeOyes \u00e9s escoltar la nostra pr\u00f2pia veu, \u00abamb les o\u00efdes\u00bb d&#8217;una persona amb discapacitat auditiva. Viure per nosalters mateixos com sent la nostra veu una persona amb sordera ens permet \u00abposar-nos en la seva pell\u00bb, o millor dit, \u00abposar-nos en les seves o\u00efdes\u00bb. \u00c9s una experi\u00e8ncia d&#8217;empatia. <\/p>\n\n\n\n<p>\u00abPer a qu\u00e8 serveix l&#8217;empatia?\u00bb, poden preguntar-se alguns. B\u00e9, a part de les explicacions \u00f2bvies, a les persones m\u00e9s reticents els preguntaria: per a qu\u00e8 els sers humans tenim la necessitat de comunicar-nos? Posar-nos a la pell d&#8217;un altre t\u00e9 moltes conseq\u00fc\u00e8ncies, i algunes d&#8217;aquestes conseq\u00fc\u00e8ncies poden arribar a ser vitals.<\/p>\n\n\n\n<h2 class=\"wp-block-heading\">Com podem sentir com una altra persona?<\/h2>\n\n\n\n<p>F\u00e0cil: les persones amb discapacitat auditiva coneixen amb precisi\u00f3 quin \u00e9s exactament el seu d\u00e8ficit auditiu. Saben quina p\u00e8rdua exacta pateixen les seves o\u00efdes a cada freq\u00fc\u00e8ncia d&#8217;un s\u00f2. Gr\u00e0cies a l&#8217;audiometria.<\/p>\n\n\n\n<div class=\"wp-block-image\"><figure class=\"aligncenter size-large\"><a href=\"\/app.php\"><img loading=\"lazy\" decoding=\"async\" width=\"624\" height=\"620\" src=\"https:\/\/comomeoyes.com\/blog\/wp-content\/uploads\/2020\/11\/como-me-oyes-audiograma.png\" alt=\"\" class=\"wp-image-309\" srcset=\"https:\/\/comomeoyes.com\/blog\/wp-content\/uploads\/2020\/11\/como-me-oyes-audiograma.png 624w, https:\/\/comomeoyes.com\/blog\/wp-content\/uploads\/2020\/11\/como-me-oyes-audiograma-300x298.png 300w, https:\/\/comomeoyes.com\/blog\/wp-content\/uploads\/2020\/11\/como-me-oyes-audiograma-150x150.png 150w, https:\/\/comomeoyes.com\/blog\/wp-content\/uploads\/2020\/11\/como-me-oyes-audiograma-60x60.png 60w\" sizes=\"(max-width: 624px) 100vw, 624px\" \/><\/a><figcaption>Un audiogram \u00e9s una gr\u00e0fica que resumeix els resultats d&#8217;una audiometria, la medici\u00f3 de les p\u00e8rdues auditives a cada freq\u00fc\u00e8ncia del s\u00f2. En aquest audiograma es representen dues corves, una per cada orella: dreta i esquerra. Les p\u00e8rdues d&#8217;audici\u00f3 poden ser for\u00e7a diferents en cada o\u00efda.<\/figcaption><\/figure><\/div>\n\n\n\n<p>Quan una persona amb discapacitat auditiva es fa una audiometria, se li mesura la p\u00e8rdua d&#8217;audici\u00f3 en tot un ventall de freq\u00fc\u00e8ncies. El resultat d&#8217;aquestes medicions es resumeix en una gr\u00e0fica: l&#8217;audiograma.<\/p>\n\n\n\n<h2 class=\"wp-block-heading\">Qu\u00e8 \u00e9s un audiograma?<\/h2>\n\n\n\n<p>Cada persona amb sordera disposa d&#8217;un audiograma que indica, per aquesta persona, quin grau d&#8217;audici\u00f3 t\u00e9. Es medeix la p\u00e8rdua auditiva en cadascuna de les dues o\u00efdes. La p\u00e8rdua auditiva no t\u00e9 perqu\u00e8 ser sempre sim\u00e8trica; \u00e9s m\u00e9s, normalment la corva de l&#8217;audiograma per l&#8217;o\u00efda esquerra i per l&#8217;o\u00efda dreta solen tenir lleugeres variacions, i en m\u00e9s espor\u00e0diques ocasions aquestes difer\u00e8ncies poden ser molt grans. <\/p>\n\n\n\n<div class=\"wp-block-image\"><figure class=\"aligncenter size-large\"><a href=\"\/app.php\"><img loading=\"lazy\" decoding=\"async\" width=\"770\" height=\"1024\" src=\"https:\/\/comomeoyes.com\/blog\/wp-content\/uploads\/2019\/08\/img_20190411_200534_541_1200-770x1024.jpg\" alt=\"\" class=\"wp-image-50\" srcset=\"https:\/\/comomeoyes.com\/blog\/wp-content\/uploads\/2019\/08\/img_20190411_200534_541_1200-770x1024.jpg 770w, https:\/\/comomeoyes.com\/blog\/wp-content\/uploads\/2019\/08\/img_20190411_200534_541_1200-226x300.jpg 226w, https:\/\/comomeoyes.com\/blog\/wp-content\/uploads\/2019\/08\/img_20190411_200534_541_1200-768x1021.jpg 768w, https:\/\/comomeoyes.com\/blog\/wp-content\/uploads\/2019\/08\/img_20190411_200534_541_1200.jpg 1200w\" sizes=\"(max-width: 770px) 100vw, 770px\" \/><\/a><\/figure><\/div>\n\n\n\n<p>Normalment, quan alg\u00fa ens diu \u00abtinc sordera\u00bb, ens imaginem com sent. Per\u00f2 \u00e9s habitual que aquesta imaginaci\u00f3 no sigui encertada. Ens imaginem que \u00absent menys\u00bb, per\u00f2 la pregunta en realitat \u00e9s \u00abquant menys?\u00bb. I aquesta pregunta \u00e9s important, perqu\u00e8 afecta a com ens comuniquem amb la persona que t\u00e9 sordera.  <\/p>\n\n\n\n<p>Afecta al volum de la nostra veu. Afecta a quant ens esforcem per qu\u00e8 vegi la nostra cara i pugui recolzar-se en la lectura labial si li cal. Afecta al ritme de les nostres paraules. Afecta a quant vocalitzem. Afecta a qu\u00e8 volguem aprendre el llenguatge de signes del seu pa\u00eds.  <\/p>\n\n\n\n<p>Si \u00e9s el nostre company d&#8217;escola, afecta perqu\u00e8 pot no haver sentit al professor mentre aquest estava d&#8217;esquenes escrivint a la pissarra, pensant que els alumnes ja el sentien. I afecta a l&#8217;hora d&#8217;esbarjo, quan tots els alumnes parlen a crits i tots alhora, i la persona amb sordera, lluitant contra aquella invasi\u00f3 de sons indesxifrables a vegades fins i tot per les persones sense sordera, no pot distingir m\u00e9s que paraules a\u00efllades, i ha de tractar d&#8217;esbrinar quines s\u00f3n la resta de paraules que ha dit cadascun dels seus companys, tractant de mantenir la conversa i de poder donar la seva opini\u00f3 i sentir-se integrat.<\/p>\n\n\n\n<div class=\"wp-block-image\"><figure class=\"aligncenter size-large\"><a href=\"\/app.php\"><img loading=\"lazy\" decoding=\"async\" width=\"1024\" height=\"1024\" src=\"https:\/\/comomeoyes.com\/blog\/wp-content\/uploads\/2019\/08\/03_03_1200-e1565313282211-1024x1024.jpg\" alt=\"Enfermedades que pueden causar sordera\" class=\"wp-image-53\" srcset=\"https:\/\/comomeoyes.com\/blog\/wp-content\/uploads\/2019\/08\/03_03_1200-e1565313282211-1024x1024.jpg 1024w, https:\/\/comomeoyes.com\/blog\/wp-content\/uploads\/2019\/08\/03_03_1200-e1565313282211-150x150.jpg 150w, https:\/\/comomeoyes.com\/blog\/wp-content\/uploads\/2019\/08\/03_03_1200-e1565313282211-300x300.jpg 300w, https:\/\/comomeoyes.com\/blog\/wp-content\/uploads\/2019\/08\/03_03_1200-e1565313282211-550x550.jpg 550w, https:\/\/comomeoyes.com\/blog\/wp-content\/uploads\/2019\/08\/03_03_1200-e1565313282211-1100x1100.jpg 1100w, https:\/\/comomeoyes.com\/blog\/wp-content\/uploads\/2019\/08\/03_03_1200-e1565313282211-500x500.jpg 500w, https:\/\/comomeoyes.com\/blog\/wp-content\/uploads\/2019\/08\/03_03_1200-e1565313282211-225x225.jpg 225w, https:\/\/comomeoyes.com\/blog\/wp-content\/uploads\/2019\/08\/03_03_1200-e1565313282211-200x200.jpg 200w, https:\/\/comomeoyes.com\/blog\/wp-content\/uploads\/2019\/08\/03_03_1200-e1565313282211-400x400.jpg 400w, https:\/\/comomeoyes.com\/blog\/wp-content\/uploads\/2019\/08\/03_03_1200-e1565313282211-600x600.jpg 600w, https:\/\/comomeoyes.com\/blog\/wp-content\/uploads\/2019\/08\/03_03_1200-e1565313282211-60x60.jpg 60w\" sizes=\"(max-width: 1024px) 100vw, 1024px\" \/><\/a><\/figure><\/div>\n\n\n\n<p>Si \u00e9s el nostre amic, afecta quan ens comuniquem amb ell per tel\u00e8fon, per decidir fer una trucada en v\u00eddeo si cal, i ambd\u00f3s poder gaudir al m\u00e0xim de la conversa.<\/p>\n\n\n\n<p>Si \u00e9s un company de feina, o el nostre empleat, afecta si podem triar a qui assignem unes feines amb m\u00e9s p\u00e8s d&#8217;atenci\u00f3 al p\u00fablic o en entorns m\u00e9s sorollosos; no p\u00e0s perqu\u00e8 no pugui fer-les com qualsevol altre, sino perqu\u00e8 potser no hi ha necessitat d&#8217;afegir un nivell m\u00e9s de stress, adicional als que assumeix com la persona sense p\u00e8rdua auditiva. Afecta a l&#8217;hora de decidir que n&#8217;hi ha prou amb transmetre-li instruccions o informes de forma telef\u00f2nica, o potser \u00e9s millor fer-ho en persona. compa\u00f1ero en el trabajo, o nuestro empleado, afecta para preferiblemente no darle tareas de atenci\u00f3n al p\u00fablico, que aunque puede hacer igual de bien suponen un estr\u00e9s adicional al que sufre una persona sin p\u00e9rdida auditiva. Afecta a la hora de decidir que basta con transmitirle instrucciones o informes de forma telef\u00f3nica o que es mejor hacerlo en persona. <\/p>\n\n\n\n<div class=\"wp-block-image\"><figure class=\"aligncenter size-large\"><a href=\"\/app.php\"><img loading=\"lazy\" decoding=\"async\" width=\"768\" height=\"1024\" src=\"https:\/\/comomeoyes.com\/blog\/wp-content\/uploads\/2019\/08\/03_02_1200-768x1024.jpg\" alt=\"\" class=\"wp-image-52\" srcset=\"https:\/\/comomeoyes.com\/blog\/wp-content\/uploads\/2019\/08\/03_02_1200-768x1024.jpg 768w, https:\/\/comomeoyes.com\/blog\/wp-content\/uploads\/2019\/08\/03_02_1200-225x300.jpg 225w, https:\/\/comomeoyes.com\/blog\/wp-content\/uploads\/2019\/08\/03_02_1200.jpg 1200w\" sizes=\"(max-width: 768px) 100vw, 768px\" \/><\/a><\/figure><\/div>\n\n\n\n<p>Afecta a l&#8217;hora de descobrir que una persona sorda pot tenir talents m\u00e9s desenvolupats que una altra persona sense p\u00e8rdua auditiva, potser, perqu\u00e8 la persona amb sordera s&#8217;ha passat tota la seva vida observant no nom\u00e9s les paraules del seu interlocutor, sin\u00f3 tamb\u00e9 cada detall de les seves expressions facials, gestos, i resta de senyals de llenguatge corporal, quan li transmetia cada missatge, dia a dia, any rera any de la seva vida. I seguir\u00e0 fent-ho. <\/p>\n\n\n\n<div class=\"wp-block-image\"><figure class=\"aligncenter size-large\"><a href=\"\/app.php\"><img loading=\"lazy\" decoding=\"async\" width=\"1024\" height=\"1024\" src=\"https:\/\/comomeoyes.com\/blog\/wp-content\/uploads\/2019\/08\/img_20190411_200457_993_1200-e1565312300725-1024x1024.jpg\" alt=\"detecci\u00f3n precoz de la sordera\" class=\"wp-image-47\" srcset=\"https:\/\/comomeoyes.com\/blog\/wp-content\/uploads\/2019\/08\/img_20190411_200457_993_1200-e1565312300725-1024x1024.jpg 1024w, https:\/\/comomeoyes.com\/blog\/wp-content\/uploads\/2019\/08\/img_20190411_200457_993_1200-e1565312300725-150x150.jpg 150w, https:\/\/comomeoyes.com\/blog\/wp-content\/uploads\/2019\/08\/img_20190411_200457_993_1200-e1565312300725-300x300.jpg 300w, https:\/\/comomeoyes.com\/blog\/wp-content\/uploads\/2019\/08\/img_20190411_200457_993_1200-e1565312300725-550x550.jpg 550w, https:\/\/comomeoyes.com\/blog\/wp-content\/uploads\/2019\/08\/img_20190411_200457_993_1200-e1565312300725-1100x1100.jpg 1100w, https:\/\/comomeoyes.com\/blog\/wp-content\/uploads\/2019\/08\/img_20190411_200457_993_1200-e1565312300725-500x500.jpg 500w, https:\/\/comomeoyes.com\/blog\/wp-content\/uploads\/2019\/08\/img_20190411_200457_993_1200-e1565312300725-225x225.jpg 225w, https:\/\/comomeoyes.com\/blog\/wp-content\/uploads\/2019\/08\/img_20190411_200457_993_1200-e1565312300725-200x200.jpg 200w, https:\/\/comomeoyes.com\/blog\/wp-content\/uploads\/2019\/08\/img_20190411_200457_993_1200-e1565312300725-400x400.jpg 400w, https:\/\/comomeoyes.com\/blog\/wp-content\/uploads\/2019\/08\/img_20190411_200457_993_1200-e1565312300725-600x600.jpg 600w, https:\/\/comomeoyes.com\/blog\/wp-content\/uploads\/2019\/08\/img_20190411_200457_993_1200-e1565312300725-60x60.jpg 60w\" sizes=\"(max-width: 1024px) 100vw, 1024px\" \/><\/a><\/figure><\/div>\n","protected":false},"excerpt":{"rendered":"<p>A ComoMeOyes hem desenvolupat una aplicaci\u00f3 per simular com ens sent una persona amb sordera. Prem la imatge de dalt per anar a l&#8217;aplicaci\u00f3 ComoMeOyes i experimentar aquesta simulaci\u00f3 d&#8217;audici\u00f3 com una persona sorda. Si disposes de l&#8217;audiograma d&#8217;una persona que coneixes amb p\u00e8rdua auditiva, et recomanem que personalitzis l&#8217;audiograma que trobar\u00e0s, per a \u00abposar-te [&hellip;]<\/p>\n","protected":false},"author":2,"featured_media":0,"parent":0,"menu_order":0,"comment_status":"closed","ping_status":"closed","template":"","meta":{"footnotes":""},"yoast_head":"<!-- This site is optimized with the Yoast SEO plugin v22.6 - https:\/\/yoast.com\/wordpress\/plugins\/seo\/ -->\n<title>Aplicaci\u00f3 ComoMeOyes ~ ComoMeOyes Blog<\/title>\n<meta name=\"robots\" content=\"index, follow, max-snippet:-1, max-image-preview:large, max-video-preview:-1\" \/>\n<link rel=\"canonical\" href=\"https:\/\/comomeoyes.com\/blog\/aplicacio-comomeoyes\/\" \/>\n<meta property=\"og:locale\" content=\"es_ES\" \/>\n<meta property=\"og:type\" content=\"article\" \/>\n<meta property=\"og:title\" content=\"Aplicaci\u00f3 ComoMeOyes ~ ComoMeOyes Blog\" \/>\n<meta property=\"og:description\" content=\"A ComoMeOyes hem desenvolupat una aplicaci\u00f3 per simular com ens sent una persona amb sordera. Prem la imatge de dalt per anar a l&#8217;aplicaci\u00f3 ComoMeOyes i experimentar aquesta simulaci\u00f3 d&#8217;audici\u00f3 com una persona sorda. Si disposes de l&#8217;audiograma d&#8217;una persona que coneixes amb p\u00e8rdua auditiva, et recomanem que personalitzis l&#8217;audiograma que trobar\u00e0s, per a \u00abposar-te [&hellip;]\" \/>\n<meta property=\"og:url\" content=\"https:\/\/comomeoyes.com\/blog\/aplicacio-comomeoyes\/\" \/>\n<meta property=\"og:site_name\" content=\"ComoMeOyes Blog\" \/>\n<meta property=\"article:publisher\" content=\"https:\/\/www.facebook.com\/comomeoyes\/\" \/>\n<meta property=\"article:modified_time\" content=\"2020-12-02T07:39:47+00:00\" \/>\n<meta property=\"og:image\" content=\"https:\/\/comomeoyes.com\/blog\/wp-content\/uploads\/2019\/08\/03_04_1200-e1565313001550-1024x1024.jpg\" \/>\n<meta name=\"twitter:card\" content=\"summary_large_image\" \/>\n<meta name=\"twitter:label1\" content=\"Tiempo de lectura\" \/>\n\t<meta name=\"twitter:data1\" content=\"5 minutos\" \/>\n<script type=\"application\/ld+json\" class=\"yoast-schema-graph\">{\"@context\":\"https:\/\/schema.org\",\"@graph\":[{\"@type\":\"WebPage\",\"@id\":\"https:\/\/comomeoyes.com\/blog\/aplicacio-comomeoyes\/\",\"url\":\"https:\/\/comomeoyes.com\/blog\/aplicacio-comomeoyes\/\",\"name\":\"Aplicaci\u00f3 ComoMeOyes ~ ComoMeOyes Blog\",\"isPartOf\":{\"@id\":\"https:\/\/comomeoyes.com\/blog\/#website\"},\"primaryImageOfPage\":{\"@id\":\"https:\/\/comomeoyes.com\/blog\/aplicacio-comomeoyes\/#primaryimage\"},\"image\":{\"@id\":\"https:\/\/comomeoyes.com\/blog\/aplicacio-comomeoyes\/#primaryimage\"},\"thumbnailUrl\":\"https:\/\/comomeoyes.com\/blog\/wp-content\/uploads\/2019\/08\/03_04_1200-e1565313001550-1024x1024.jpg\",\"datePublished\":\"2020-12-01T10:56:46+00:00\",\"dateModified\":\"2020-12-02T07:39:47+00:00\",\"breadcrumb\":{\"@id\":\"https:\/\/comomeoyes.com\/blog\/aplicacio-comomeoyes\/#breadcrumb\"},\"inLanguage\":\"es\",\"potentialAction\":[{\"@type\":\"ReadAction\",\"target\":[\"https:\/\/comomeoyes.com\/blog\/aplicacio-comomeoyes\/\"]}]},{\"@type\":\"ImageObject\",\"inLanguage\":\"es\",\"@id\":\"https:\/\/comomeoyes.com\/blog\/aplicacio-comomeoyes\/#primaryimage\",\"url\":\"https:\/\/comomeoyes.com\/blog\/wp-content\/uploads\/2019\/08\/03_04_1200-e1565313001550.jpg\",\"contentUrl\":\"https:\/\/comomeoyes.com\/blog\/wp-content\/uploads\/2019\/08\/03_04_1200-e1565313001550.jpg\",\"width\":1200,\"height\":892,\"caption\":\"Legislaci\u00f3n sobre la detecci\u00f3n de la sordera en reci\u00e9n nacidos\"},{\"@type\":\"BreadcrumbList\",\"@id\":\"https:\/\/comomeoyes.com\/blog\/aplicacio-comomeoyes\/#breadcrumb\",\"itemListElement\":[{\"@type\":\"ListItem\",\"position\":1,\"name\":\"Portada\",\"item\":\"https:\/\/comomeoyes.com\/blog\/\"},{\"@type\":\"ListItem\",\"position\":2,\"name\":\"Aplicaci\u00f3 ComoMeOyes\"}]},{\"@type\":\"WebSite\",\"@id\":\"https:\/\/comomeoyes.com\/blog\/#website\",\"url\":\"https:\/\/comomeoyes.com\/blog\/\",\"name\":\"ComoMeOyes Blog\",\"description\":\"Blog de ComoMeOyes\",\"publisher\":{\"@id\":\"https:\/\/comomeoyes.com\/blog\/#organization\"},\"potentialAction\":[{\"@type\":\"SearchAction\",\"target\":{\"@type\":\"EntryPoint\",\"urlTemplate\":\"https:\/\/comomeoyes.com\/blog\/?s={search_term_string}\"},\"query-input\":\"required name=search_term_string\"}],\"inLanguage\":\"es\"},{\"@type\":\"Organization\",\"@id\":\"https:\/\/comomeoyes.com\/blog\/#organization\",\"name\":\"ComoMeOyes\",\"url\":\"https:\/\/comomeoyes.com\/blog\/\",\"logo\":{\"@type\":\"ImageObject\",\"inLanguage\":\"es\",\"@id\":\"https:\/\/comomeoyes.com\/blog\/#\/schema\/logo\/image\/\",\"url\":\"https:\/\/comomeoyes.com\/blog\/wp-content\/uploads\/2018\/09\/favicon-96x96.png\",\"contentUrl\":\"https:\/\/comomeoyes.com\/blog\/wp-content\/uploads\/2018\/09\/favicon-96x96.png\",\"width\":96,\"height\":96,\"caption\":\"ComoMeOyes\"},\"image\":{\"@id\":\"https:\/\/comomeoyes.com\/blog\/#\/schema\/logo\/image\/\"},\"sameAs\":[\"https:\/\/www.facebook.com\/comomeoyes\/\",\"https:\/\/www.instagram.com\/comomeoyes\/\",\"https:\/\/www.linkedin.com\/company\/comomeoyes\"]}]}<\/script>\n<!-- \/ Yoast SEO plugin. -->","yoast_head_json":{"title":"Aplicaci\u00f3 ComoMeOyes ~ ComoMeOyes Blog","robots":{"index":"index","follow":"follow","max-snippet":"max-snippet:-1","max-image-preview":"max-image-preview:large","max-video-preview":"max-video-preview:-1"},"canonical":"https:\/\/comomeoyes.com\/blog\/aplicacio-comomeoyes\/","og_locale":"es_ES","og_type":"article","og_title":"Aplicaci\u00f3 ComoMeOyes ~ ComoMeOyes Blog","og_description":"A ComoMeOyes hem desenvolupat una aplicaci\u00f3 per simular com ens sent una persona amb sordera. Prem la imatge de dalt per anar a l&#8217;aplicaci\u00f3 ComoMeOyes i experimentar aquesta simulaci\u00f3 d&#8217;audici\u00f3 com una persona sorda. Si disposes de l&#8217;audiograma d&#8217;una persona que coneixes amb p\u00e8rdua auditiva, et recomanem que personalitzis l&#8217;audiograma que trobar\u00e0s, per a \u00abposar-te [&hellip;]","og_url":"https:\/\/comomeoyes.com\/blog\/aplicacio-comomeoyes\/","og_site_name":"ComoMeOyes Blog","article_publisher":"https:\/\/www.facebook.com\/comomeoyes\/","article_modified_time":"2020-12-02T07:39:47+00:00","og_image":[{"url":"https:\/\/comomeoyes.com\/blog\/wp-content\/uploads\/2019\/08\/03_04_1200-e1565313001550-1024x1024.jpg"}],"twitter_card":"summary_large_image","twitter_misc":{"Tiempo de lectura":"5 minutos"},"schema":{"@context":"https:\/\/schema.org","@graph":[{"@type":"WebPage","@id":"https:\/\/comomeoyes.com\/blog\/aplicacio-comomeoyes\/","url":"https:\/\/comomeoyes.com\/blog\/aplicacio-comomeoyes\/","name":"Aplicaci\u00f3 ComoMeOyes ~ ComoMeOyes Blog","isPartOf":{"@id":"https:\/\/comomeoyes.com\/blog\/#website"},"primaryImageOfPage":{"@id":"https:\/\/comomeoyes.com\/blog\/aplicacio-comomeoyes\/#primaryimage"},"image":{"@id":"https:\/\/comomeoyes.com\/blog\/aplicacio-comomeoyes\/#primaryimage"},"thumbnailUrl":"https:\/\/comomeoyes.com\/blog\/wp-content\/uploads\/2019\/08\/03_04_1200-e1565313001550-1024x1024.jpg","datePublished":"2020-12-01T10:56:46+00:00","dateModified":"2020-12-02T07:39:47+00:00","breadcrumb":{"@id":"https:\/\/comomeoyes.com\/blog\/aplicacio-comomeoyes\/#breadcrumb"},"inLanguage":"es","potentialAction":[{"@type":"ReadAction","target":["https:\/\/comomeoyes.com\/blog\/aplicacio-comomeoyes\/"]}]},{"@type":"ImageObject","inLanguage":"es","@id":"https:\/\/comomeoyes.com\/blog\/aplicacio-comomeoyes\/#primaryimage","url":"https:\/\/comomeoyes.com\/blog\/wp-content\/uploads\/2019\/08\/03_04_1200-e1565313001550.jpg","contentUrl":"https:\/\/comomeoyes.com\/blog\/wp-content\/uploads\/2019\/08\/03_04_1200-e1565313001550.jpg","width":1200,"height":892,"caption":"Legislaci\u00f3n sobre la detecci\u00f3n de la sordera en reci\u00e9n nacidos"},{"@type":"BreadcrumbList","@id":"https:\/\/comomeoyes.com\/blog\/aplicacio-comomeoyes\/#breadcrumb","itemListElement":[{"@type":"ListItem","position":1,"name":"Portada","item":"https:\/\/comomeoyes.com\/blog\/"},{"@type":"ListItem","position":2,"name":"Aplicaci\u00f3 ComoMeOyes"}]},{"@type":"WebSite","@id":"https:\/\/comomeoyes.com\/blog\/#website","url":"https:\/\/comomeoyes.com\/blog\/","name":"ComoMeOyes Blog","description":"Blog de ComoMeOyes","publisher":{"@id":"https:\/\/comomeoyes.com\/blog\/#organization"},"potentialAction":[{"@type":"SearchAction","target":{"@type":"EntryPoint","urlTemplate":"https:\/\/comomeoyes.com\/blog\/?s={search_term_string}"},"query-input":"required name=search_term_string"}],"inLanguage":"es"},{"@type":"Organization","@id":"https:\/\/comomeoyes.com\/blog\/#organization","name":"ComoMeOyes","url":"https:\/\/comomeoyes.com\/blog\/","logo":{"@type":"ImageObject","inLanguage":"es","@id":"https:\/\/comomeoyes.com\/blog\/#\/schema\/logo\/image\/","url":"https:\/\/comomeoyes.com\/blog\/wp-content\/uploads\/2018\/09\/favicon-96x96.png","contentUrl":"https:\/\/comomeoyes.com\/blog\/wp-content\/uploads\/2018\/09\/favicon-96x96.png","width":96,"height":96,"caption":"ComoMeOyes"},"image":{"@id":"https:\/\/comomeoyes.com\/blog\/#\/schema\/logo\/image\/"},"sameAs":["https:\/\/www.facebook.com\/comomeoyes\/","https:\/\/www.instagram.com\/comomeoyes\/","https:\/\/www.linkedin.com\/company\/comomeoyes"]}]}},"_links":{"self":[{"href":"https:\/\/comomeoyes.com\/blog\/wp-json\/wp\/v2\/pages\/380"}],"collection":[{"href":"https:\/\/comomeoyes.com\/blog\/wp-json\/wp\/v2\/pages"}],"about":[{"href":"https:\/\/comomeoyes.com\/blog\/wp-json\/wp\/v2\/types\/page"}],"author":[{"embeddable":true,"href":"https:\/\/comomeoyes.com\/blog\/wp-json\/wp\/v2\/users\/2"}],"replies":[{"embeddable":true,"href":"https:\/\/comomeoyes.com\/blog\/wp-json\/wp\/v2\/comments?post=380"}],"version-history":[{"count":5,"href":"https:\/\/comomeoyes.com\/blog\/wp-json\/wp\/v2\/pages\/380\/revisions"}],"predecessor-version":[{"id":416,"href":"https:\/\/comomeoyes.com\/blog\/wp-json\/wp\/v2\/pages\/380\/revisions\/416"}],"wp:attachment":[{"href":"https:\/\/comomeoyes.com\/blog\/wp-json\/wp\/v2\/media?parent=380"}],"curies":[{"name":"wp","href":"https:\/\/api.w.org\/{rel}","templated":true}]}}