{"id":307,"date":"2020-11-22T17:33:45","date_gmt":"2020-11-22T15:33:45","guid":{"rendered":"https:\/\/comomeoyes.com\/blog\/?page_id=307"},"modified":"2020-12-02T06:08:14","modified_gmt":"2020-12-02T04:08:14","slug":"aplicacion-comomeoyes","status":"publish","type":"page","link":"https:\/\/comomeoyes.com\/blog\/aplicacion-comomeoyes\/","title":{"rendered":"Aplicaci\u00f3n ComoMeOyes"},"content":{"rendered":"\n<p>En ComoMeOyes hemos desarrollado una aplicaci\u00f3n para simular c\u00f3mo nos oye una persona con sordera.<\/p>\n\n\n\n<div class=\"wp-block-image\"><figure class=\"aligncenter size-large\"><a href=\"\/app.php\"><img loading=\"lazy\" decoding=\"async\" width=\"1024\" height=\"1024\" src=\"https:\/\/comomeoyes.com\/blog\/wp-content\/uploads\/2019\/08\/03_04_1200-e1565313001550-1024x1024.jpg\" alt=\"Legislaci\u00f3n sobre la detecci\u00f3n de la sordera en reci\u00e9n nacidos\" class=\"wp-image-54\" srcset=\"https:\/\/comomeoyes.com\/blog\/wp-content\/uploads\/2019\/08\/03_04_1200-e1565313001550-1024x1024.jpg 1024w, https:\/\/comomeoyes.com\/blog\/wp-content\/uploads\/2019\/08\/03_04_1200-e1565313001550-150x150.jpg 150w, https:\/\/comomeoyes.com\/blog\/wp-content\/uploads\/2019\/08\/03_04_1200-e1565313001550-300x300.jpg 300w, https:\/\/comomeoyes.com\/blog\/wp-content\/uploads\/2019\/08\/03_04_1200-e1565313001550-550x550.jpg 550w, https:\/\/comomeoyes.com\/blog\/wp-content\/uploads\/2019\/08\/03_04_1200-e1565313001550-1100x1100.jpg 1100w, https:\/\/comomeoyes.com\/blog\/wp-content\/uploads\/2019\/08\/03_04_1200-e1565313001550-500x500.jpg 500w, https:\/\/comomeoyes.com\/blog\/wp-content\/uploads\/2019\/08\/03_04_1200-e1565313001550-225x225.jpg 225w, https:\/\/comomeoyes.com\/blog\/wp-content\/uploads\/2019\/08\/03_04_1200-e1565313001550-200x200.jpg 200w, https:\/\/comomeoyes.com\/blog\/wp-content\/uploads\/2019\/08\/03_04_1200-e1565313001550-400x400.jpg 400w, https:\/\/comomeoyes.com\/blog\/wp-content\/uploads\/2019\/08\/03_04_1200-e1565313001550-600x600.jpg 600w, https:\/\/comomeoyes.com\/blog\/wp-content\/uploads\/2019\/08\/03_04_1200-e1565313001550-1200x1200.jpg 1200w, https:\/\/comomeoyes.com\/blog\/wp-content\/uploads\/2019\/08\/03_04_1200-e1565313001550-60x60.jpg 60w\" sizes=\"(max-width: 1024px) 100vw, 1024px\" \/><\/a><figcaption>Haz clic en la imagen para ir a la aplicaci\u00f3n ahora.<\/figcaption><\/figure><\/div>\n\n\n\n<p>Pulsa en la imagen de arriba para <a href=\"\/app.php\">ir a la aplicaci\u00f3n ComoMeOyes<\/a> y experimentar esta simulaci\u00f3n de audici\u00f3n como una persona sorda. Si dispones del audiograma de una persona que conozcas con p\u00e9rdida auditiva, te recomendamos que personalices el audiograma que encontrar\u00e1s, para \u00abponerte en sus o\u00eddos\u00bb por unos instantes y o\u00edr como \u00e9l o ella.<\/p>\n\n\n\n<h2 class=\"wp-block-heading\">\u00bfC\u00f3mo funciona la aplicaci\u00f3n ComoMeOyes?<\/h2>\n\n\n\n<div class=\"wp-block-image\"><figure class=\"aligncenter size-large\"><img loading=\"lazy\" decoding=\"async\" width=\"1024\" height=\"571\" src=\"https:\/\/comomeoyes.com\/blog\/wp-content\/uploads\/2020\/11\/como-me-oyes-aplicacion-1024x571.png\" alt=\"\" class=\"wp-image-308\" srcset=\"https:\/\/comomeoyes.com\/blog\/wp-content\/uploads\/2020\/11\/como-me-oyes-aplicacion-1024x571.png 1024w, https:\/\/comomeoyes.com\/blog\/wp-content\/uploads\/2020\/11\/como-me-oyes-aplicacion-300x167.png 300w, https:\/\/comomeoyes.com\/blog\/wp-content\/uploads\/2020\/11\/como-me-oyes-aplicacion-768x428.png 768w, https:\/\/comomeoyes.com\/blog\/wp-content\/uploads\/2020\/11\/como-me-oyes-aplicacion.png 1055w\" sizes=\"(max-width: 1024px) 100vw, 1024px\" \/><figcaption>La aplicaci\u00f3n te propone una experiencia sencilla: grabar tu voz durante 10 segundos.<\/figcaption><\/figure><\/div>\n\n\n\n<p>Tras grabar tu voz durante un m\u00e1ximo de 10 segundos, la aplicaci\u00f3n ComoMeOyes crea 4 videos. El primero de ellos es simplemente tu voz, tal como t\u00fa la oyes. El segundo es la simulaci\u00f3n de c\u00f3mo oye tu voz la persona sorda que tiene la p\u00e9rdida auditiva que representa el audiograma, tal como t\u00fa lo hayas dejado (p\u00e9rdida leve, moderada, profunda, o con el audiograma que t\u00fa hayas personalizado con la audiometr\u00eda de tu persona conocida). Los otros dos videos corresponden a aislar \u00fanicamente la p\u00e9rdida auditiva de cada uno de los dos o\u00eddos.<\/p>\n\n\n\n<div class=\"wp-block-image\"><figure class=\"aligncenter size-large\"><img loading=\"lazy\" decoding=\"async\" width=\"1024\" height=\"515\" src=\"https:\/\/comomeoyes.com\/blog\/wp-content\/uploads\/2020\/11\/como-me-oyes-resultados-aplicacion-1024x515.png\" alt=\"\" class=\"wp-image-310\" srcset=\"https:\/\/comomeoyes.com\/blog\/wp-content\/uploads\/2020\/11\/como-me-oyes-resultados-aplicacion-1024x515.png 1024w, https:\/\/comomeoyes.com\/blog\/wp-content\/uploads\/2020\/11\/como-me-oyes-resultados-aplicacion-300x151.png 300w, https:\/\/comomeoyes.com\/blog\/wp-content\/uploads\/2020\/11\/como-me-oyes-resultados-aplicacion-768x386.png 768w, https:\/\/comomeoyes.com\/blog\/wp-content\/uploads\/2020\/11\/como-me-oyes-resultados-aplicacion.png 1880w\" sizes=\"(max-width: 1024px) 100vw, 1024px\" \/><figcaption>Resultados de la aplicaci\u00f3n ComoMeOyes son 4 videos: tu grabaci\u00f3n, tu grabaci\u00f3n modificada para simular c\u00f3mo oye tu voz la persona con p\u00e9rdida auditiva, y ambos o\u00eddos aislados.<\/figcaption><\/figure><\/div>\n\n\n\n<h2 class=\"wp-block-heading\">\u00bfPara qu\u00e9 sirve la aplicaci\u00f3n de ComoMeOyes?<\/h2>\n\n\n\n<p>El objetivo de la aplicaci\u00f3n de ComoMeOyes es escuchar nuestra propia voz, con los o\u00eddos de una persona con discapacidad auditiva. Vivir en nuestros o\u00eddos c\u00f3mo oye nuestra propia voz una persona sorda nos permite \u00abponernos en su piel\u00bb, o mejor dicho, \u00abponernos en sus o\u00eddos\u00bb. Es una experiencia de empat\u00eda. <\/p>\n\n\n\n<p>\u00ab\u00bfPara qu\u00e9 sirve la empat\u00eda?\u00bb, pueden preguntar algunos, con algo de amargura quiz\u00e1s. Bueno, a parte de las explicaciones obvias, a las personas m\u00e1s reticentes les preguntar\u00eda: \u00bfpara qu\u00e9 los seres humanos tenemos la necesidad de comunicarnos? Ponernos en la piel del otro tiene muchas consecuencias, y algunas de estas consecuencias pueden llegar a ser vitales.<\/p>\n\n\n\n<h2 class=\"wp-block-heading\"> \u00bfC\u00f3mo podemos o\u00edr como otra persona?<\/h2>\n\n\n\n<p>F\u00e1cil: las personas con discapacidad auditiva conocen con precisi\u00f3n cu\u00e1l es exactamente el d\u00e9ficit auditivo. Saben qu\u00e9 p\u00e9rdida exacta sufren sus o\u00eddos a cada frecuencia de un sonido. Gracias a la audiometr\u00eda. <\/p>\n\n\n\n<div class=\"wp-block-image\"><figure class=\"aligncenter size-large\"><img loading=\"lazy\" decoding=\"async\" width=\"624\" height=\"620\" src=\"https:\/\/comomeoyes.com\/blog\/wp-content\/uploads\/2020\/11\/como-me-oyes-audiograma.png\" alt=\"\" class=\"wp-image-309\" srcset=\"https:\/\/comomeoyes.com\/blog\/wp-content\/uploads\/2020\/11\/como-me-oyes-audiograma.png 624w, https:\/\/comomeoyes.com\/blog\/wp-content\/uploads\/2020\/11\/como-me-oyes-audiograma-300x298.png 300w, https:\/\/comomeoyes.com\/blog\/wp-content\/uploads\/2020\/11\/como-me-oyes-audiograma-150x150.png 150w, https:\/\/comomeoyes.com\/blog\/wp-content\/uploads\/2020\/11\/como-me-oyes-audiograma-60x60.png 60w\" sizes=\"(max-width: 624px) 100vw, 624px\" \/><figcaption>Un audiograma es un gr\u00e1fico que resume los resultados de una audiometr\u00eda, la medici\u00f3n de las p\u00e9rdidas auditivas a cada frecuencia del sonido. En este audiograma se representan dos curvas, una para cada o\u00eddo: derecho e izquierdo. Las p\u00e9rdidas de audici\u00f3n pueden ser muy distintas en cada o\u00eddo.<\/figcaption><\/figure><\/div>\n\n\n\n<p>Cuando una persona con discapacidad auditiva se hace una audiometr\u00eda, se le mide la p\u00e9rdida de audici\u00f3n en todo un rango de frecuencias. El resultado de estas mediciones se resume en un gr\u00e1fico: el audiograma.<\/p>\n\n\n\n<h2 class=\"wp-block-heading\">\u00bfQu\u00e9 es un audiograma?<\/h2>\n\n\n\n<p>Cada persona con sordera dispone de un audiograma que indica, para esta persona, qu\u00e9 grado de audici\u00f3n tiene. Se mide la p\u00e9rdida auditiva en cada uno de los dos o\u00eddos. La p\u00e9rdida auditiva no tiene porque ser sim\u00e9trica; es m\u00e1s, normalmente la curva del audiograma para el o\u00eddo izquierdo y para el o\u00eddo derecho suelen tener ligeras variaciones, y algunas veces estas diferencias pueden ser muy grandes.<\/p>\n\n\n\n<div class=\"wp-block-image\"><figure class=\"aligncenter size-large\"><img loading=\"lazy\" decoding=\"async\" width=\"770\" height=\"1024\" src=\"https:\/\/comomeoyes.com\/blog\/wp-content\/uploads\/2019\/08\/img_20190411_200534_541_1200-770x1024.jpg\" alt=\"\" class=\"wp-image-50\" srcset=\"https:\/\/comomeoyes.com\/blog\/wp-content\/uploads\/2019\/08\/img_20190411_200534_541_1200-770x1024.jpg 770w, https:\/\/comomeoyes.com\/blog\/wp-content\/uploads\/2019\/08\/img_20190411_200534_541_1200-226x300.jpg 226w, https:\/\/comomeoyes.com\/blog\/wp-content\/uploads\/2019\/08\/img_20190411_200534_541_1200-768x1021.jpg 768w, https:\/\/comomeoyes.com\/blog\/wp-content\/uploads\/2019\/08\/img_20190411_200534_541_1200.jpg 1200w\" sizes=\"(max-width: 770px) 100vw, 770px\" \/><\/figure><\/div>\n\n\n\n<p>Normalmente, cuando alguien nos dice \u00absoy sordo\u00bb, nos imaginamos c\u00f3mo oye. Pero normalmente esta imaginaci\u00f3n no suele ser acertada. Nos imaginamos que \u00aboye menos\u00bb, pero la pregunta es \u00ab\u00bfcu\u00e1nto menos?\u00bb. Y esta pregunta es importante, porque afecta a c\u00f3mo nos comunicamos con la persona sorda. <\/p>\n\n\n\n<p>Afecta al volumen de nuestra voz. Afecta a cu\u00e1nto nos esforzamos para que vea nuestra cara y pueda apoyarse en la lectura labial. Afecta al ritmo de nuestras palabras. Afecta a cu\u00e1nto vocalizamos. Afecta a que queramos aprender el lenguaje de signos de su pa\u00eds. <\/p>\n\n\n\n<p>Si es nuestro compa\u00f1ero en la escuela, afecta porque puede no haber o\u00eddo al profesor mientras estaba de espaldas escribiendo en la pizarra, pensando que los alumnos ya le o\u00edan. Y afecta en el recreo, cuando todos hablan a gritos y a la vez, y la persona sorda, luchando contra esa invasi\u00f3n auditiva indescifrable a veces incluso para las personas con plena audici\u00f3n, no puede distinguir m\u00e1s que palabras sueltas y debe tratar de figurarse cuales son el resto de palabras que ha dicho cada uno, tratando de seguir la conversaci\u00f3n y poder dar su opini\u00f3n y sentirse integrado.<\/p>\n\n\n\n<div class=\"wp-block-image\"><figure class=\"aligncenter size-large\"><img loading=\"lazy\" decoding=\"async\" width=\"1024\" height=\"1024\" src=\"https:\/\/comomeoyes.com\/blog\/wp-content\/uploads\/2019\/08\/03_03_1200-e1565313282211-1024x1024.jpg\" alt=\"Enfermedades que pueden causar sordera\" class=\"wp-image-53\" srcset=\"https:\/\/comomeoyes.com\/blog\/wp-content\/uploads\/2019\/08\/03_03_1200-e1565313282211-1024x1024.jpg 1024w, https:\/\/comomeoyes.com\/blog\/wp-content\/uploads\/2019\/08\/03_03_1200-e1565313282211-150x150.jpg 150w, https:\/\/comomeoyes.com\/blog\/wp-content\/uploads\/2019\/08\/03_03_1200-e1565313282211-300x300.jpg 300w, https:\/\/comomeoyes.com\/blog\/wp-content\/uploads\/2019\/08\/03_03_1200-e1565313282211-550x550.jpg 550w, https:\/\/comomeoyes.com\/blog\/wp-content\/uploads\/2019\/08\/03_03_1200-e1565313282211-1100x1100.jpg 1100w, https:\/\/comomeoyes.com\/blog\/wp-content\/uploads\/2019\/08\/03_03_1200-e1565313282211-500x500.jpg 500w, https:\/\/comomeoyes.com\/blog\/wp-content\/uploads\/2019\/08\/03_03_1200-e1565313282211-225x225.jpg 225w, https:\/\/comomeoyes.com\/blog\/wp-content\/uploads\/2019\/08\/03_03_1200-e1565313282211-200x200.jpg 200w, https:\/\/comomeoyes.com\/blog\/wp-content\/uploads\/2019\/08\/03_03_1200-e1565313282211-400x400.jpg 400w, https:\/\/comomeoyes.com\/blog\/wp-content\/uploads\/2019\/08\/03_03_1200-e1565313282211-600x600.jpg 600w, https:\/\/comomeoyes.com\/blog\/wp-content\/uploads\/2019\/08\/03_03_1200-e1565313282211-60x60.jpg 60w\" sizes=\"(max-width: 1024px) 100vw, 1024px\" \/><\/figure><\/div>\n\n\n\n<p>Si es nuestro amigo, afecta cuando nos comunicamos con \u00e9l por tel\u00e9fono, para decidir hacer una conversaci\u00f3n en video preferiblemente, y as\u00ed disfrutar ambos de la llamada.<\/p>\n\n\n\n<p>Si es nuestro jefe o compa\u00f1ero en el trabajo, o nuestro empleado, afecta para preferiblemente no darle tareas de atenci\u00f3n al p\u00fablico, que aunque puede hacer igual de bien suponen un estr\u00e9s adicional al que sufre una persona sin p\u00e9rdida auditiva. Afecta a la hora de decidir que basta con transmitirle instrucciones o informes de forma telef\u00f3nica o que es mejor hacerlo en persona. <\/p>\n\n\n\n<div class=\"wp-block-image\"><figure class=\"aligncenter size-large\"><img loading=\"lazy\" decoding=\"async\" width=\"768\" height=\"1024\" src=\"https:\/\/comomeoyes.com\/blog\/wp-content\/uploads\/2019\/08\/03_02_1200-768x1024.jpg\" alt=\"\" class=\"wp-image-52\" srcset=\"https:\/\/comomeoyes.com\/blog\/wp-content\/uploads\/2019\/08\/03_02_1200-768x1024.jpg 768w, https:\/\/comomeoyes.com\/blog\/wp-content\/uploads\/2019\/08\/03_02_1200-225x300.jpg 225w, https:\/\/comomeoyes.com\/blog\/wp-content\/uploads\/2019\/08\/03_02_1200.jpg 1200w\" sizes=\"(max-width: 768px) 100vw, 768px\" \/><\/figure><\/div>\n\n\n\n<p>Afecta a la hora de descubrir que una persona sorda puede tener talentos innatos extraordinarios que rara vez tienen personas sin p\u00e9rdida auditiva, porque la persona con sordera se ha pasado toda su vida observando no s\u00f3lo las palabras de su interlocutor sino cada detalle de sus expresiones faciales, gestos, y resto de se\u00f1ales de lenguaje corporal cuando le transmit\u00eda cada mensaje, cada d\u00eda, de cada a\u00f1o de su vida. Y va a seguir haci\u00e9ndolo.<\/p>\n\n\n\n<div class=\"wp-block-image\"><figure class=\"aligncenter size-large\"><img loading=\"lazy\" decoding=\"async\" width=\"1024\" height=\"1024\" src=\"https:\/\/comomeoyes.com\/blog\/wp-content\/uploads\/2019\/08\/img_20190411_200457_993_1200-e1565312300725-1024x1024.jpg\" alt=\"detecci\u00f3n precoz de la sordera\" class=\"wp-image-47\" srcset=\"https:\/\/comomeoyes.com\/blog\/wp-content\/uploads\/2019\/08\/img_20190411_200457_993_1200-e1565312300725-1024x1024.jpg 1024w, https:\/\/comomeoyes.com\/blog\/wp-content\/uploads\/2019\/08\/img_20190411_200457_993_1200-e1565312300725-150x150.jpg 150w, https:\/\/comomeoyes.com\/blog\/wp-content\/uploads\/2019\/08\/img_20190411_200457_993_1200-e1565312300725-300x300.jpg 300w, https:\/\/comomeoyes.com\/blog\/wp-content\/uploads\/2019\/08\/img_20190411_200457_993_1200-e1565312300725-550x550.jpg 550w, https:\/\/comomeoyes.com\/blog\/wp-content\/uploads\/2019\/08\/img_20190411_200457_993_1200-e1565312300725-1100x1100.jpg 1100w, https:\/\/comomeoyes.com\/blog\/wp-content\/uploads\/2019\/08\/img_20190411_200457_993_1200-e1565312300725-500x500.jpg 500w, https:\/\/comomeoyes.com\/blog\/wp-content\/uploads\/2019\/08\/img_20190411_200457_993_1200-e1565312300725-225x225.jpg 225w, https:\/\/comomeoyes.com\/blog\/wp-content\/uploads\/2019\/08\/img_20190411_200457_993_1200-e1565312300725-200x200.jpg 200w, https:\/\/comomeoyes.com\/blog\/wp-content\/uploads\/2019\/08\/img_20190411_200457_993_1200-e1565312300725-400x400.jpg 400w, https:\/\/comomeoyes.com\/blog\/wp-content\/uploads\/2019\/08\/img_20190411_200457_993_1200-e1565312300725-600x600.jpg 600w, https:\/\/comomeoyes.com\/blog\/wp-content\/uploads\/2019\/08\/img_20190411_200457_993_1200-e1565312300725-60x60.jpg 60w\" sizes=\"(max-width: 1024px) 100vw, 1024px\" \/><\/figure><\/div>\n","protected":false},"excerpt":{"rendered":"<p>En ComoMeOyes hemos desarrollado una aplicaci\u00f3n para simular c\u00f3mo nos oye una persona con sordera. Pulsa en la imagen de arriba para ir a la aplicaci\u00f3n ComoMeOyes y experimentar esta simulaci\u00f3n de audici\u00f3n como una persona sorda. Si dispones del audiograma de una persona que conozcas con p\u00e9rdida auditiva, te recomendamos que personalices el audiograma [&hellip;]<\/p>\n","protected":false},"author":2,"featured_media":0,"parent":0,"menu_order":0,"comment_status":"closed","ping_status":"closed","template":"","meta":{"footnotes":""},"yoast_head":"<!-- This site is optimized with the Yoast SEO plugin v22.6 - https:\/\/yoast.com\/wordpress\/plugins\/seo\/ -->\n<title>Aplicaci\u00f3n ComoMeOyes ~ ComoMeOyes Blog<\/title>\n<meta name=\"robots\" content=\"index, follow, max-snippet:-1, max-image-preview:large, max-video-preview:-1\" \/>\n<link rel=\"canonical\" href=\"https:\/\/comomeoyes.com\/blog\/aplicacion-comomeoyes\/\" \/>\n<meta property=\"og:locale\" content=\"es_ES\" \/>\n<meta property=\"og:type\" content=\"article\" \/>\n<meta property=\"og:title\" content=\"Aplicaci\u00f3n ComoMeOyes ~ ComoMeOyes Blog\" \/>\n<meta property=\"og:description\" content=\"En ComoMeOyes hemos desarrollado una aplicaci\u00f3n para simular c\u00f3mo nos oye una persona con sordera. Pulsa en la imagen de arriba para ir a la aplicaci\u00f3n ComoMeOyes y experimentar esta simulaci\u00f3n de audici\u00f3n como una persona sorda. Si dispones del audiograma de una persona que conozcas con p\u00e9rdida auditiva, te recomendamos que personalices el audiograma [&hellip;]\" \/>\n<meta property=\"og:url\" content=\"https:\/\/comomeoyes.com\/blog\/aplicacion-comomeoyes\/\" \/>\n<meta property=\"og:site_name\" content=\"ComoMeOyes Blog\" \/>\n<meta property=\"article:publisher\" content=\"https:\/\/www.facebook.com\/comomeoyes\/\" \/>\n<meta property=\"article:modified_time\" content=\"2020-12-02T04:08:14+00:00\" \/>\n<meta property=\"og:image\" content=\"https:\/\/comomeoyes.com\/blog\/wp-content\/uploads\/2019\/08\/03_04_1200-e1565313001550-1024x1024.jpg\" \/>\n<meta name=\"twitter:card\" content=\"summary_large_image\" \/>\n<meta name=\"twitter:label1\" content=\"Tiempo de lectura\" \/>\n\t<meta name=\"twitter:data1\" content=\"5 minutos\" \/>\n<script type=\"application\/ld+json\" class=\"yoast-schema-graph\">{\"@context\":\"https:\/\/schema.org\",\"@graph\":[{\"@type\":\"WebPage\",\"@id\":\"https:\/\/comomeoyes.com\/blog\/aplicacion-comomeoyes\/\",\"url\":\"https:\/\/comomeoyes.com\/blog\/aplicacion-comomeoyes\/\",\"name\":\"Aplicaci\u00f3n ComoMeOyes ~ ComoMeOyes Blog\",\"isPartOf\":{\"@id\":\"https:\/\/comomeoyes.com\/blog\/#website\"},\"primaryImageOfPage\":{\"@id\":\"https:\/\/comomeoyes.com\/blog\/aplicacion-comomeoyes\/#primaryimage\"},\"image\":{\"@id\":\"https:\/\/comomeoyes.com\/blog\/aplicacion-comomeoyes\/#primaryimage\"},\"thumbnailUrl\":\"https:\/\/comomeoyes.com\/blog\/wp-content\/uploads\/2019\/08\/03_04_1200-e1565313001550-1024x1024.jpg\",\"datePublished\":\"2020-11-22T15:33:45+00:00\",\"dateModified\":\"2020-12-02T04:08:14+00:00\",\"breadcrumb\":{\"@id\":\"https:\/\/comomeoyes.com\/blog\/aplicacion-comomeoyes\/#breadcrumb\"},\"inLanguage\":\"es\",\"potentialAction\":[{\"@type\":\"ReadAction\",\"target\":[\"https:\/\/comomeoyes.com\/blog\/aplicacion-comomeoyes\/\"]}]},{\"@type\":\"ImageObject\",\"inLanguage\":\"es\",\"@id\":\"https:\/\/comomeoyes.com\/blog\/aplicacion-comomeoyes\/#primaryimage\",\"url\":\"https:\/\/comomeoyes.com\/blog\/wp-content\/uploads\/2019\/08\/03_04_1200-e1565313001550.jpg\",\"contentUrl\":\"https:\/\/comomeoyes.com\/blog\/wp-content\/uploads\/2019\/08\/03_04_1200-e1565313001550.jpg\",\"width\":1200,\"height\":892,\"caption\":\"Legislaci\u00f3n sobre la detecci\u00f3n de la sordera en reci\u00e9n nacidos\"},{\"@type\":\"BreadcrumbList\",\"@id\":\"https:\/\/comomeoyes.com\/blog\/aplicacion-comomeoyes\/#breadcrumb\",\"itemListElement\":[{\"@type\":\"ListItem\",\"position\":1,\"name\":\"Portada\",\"item\":\"https:\/\/comomeoyes.com\/blog\/\"},{\"@type\":\"ListItem\",\"position\":2,\"name\":\"Aplicaci\u00f3n ComoMeOyes\"}]},{\"@type\":\"WebSite\",\"@id\":\"https:\/\/comomeoyes.com\/blog\/#website\",\"url\":\"https:\/\/comomeoyes.com\/blog\/\",\"name\":\"ComoMeOyes Blog\",\"description\":\"Blog de ComoMeOyes\",\"publisher\":{\"@id\":\"https:\/\/comomeoyes.com\/blog\/#organization\"},\"potentialAction\":[{\"@type\":\"SearchAction\",\"target\":{\"@type\":\"EntryPoint\",\"urlTemplate\":\"https:\/\/comomeoyes.com\/blog\/?s={search_term_string}\"},\"query-input\":\"required name=search_term_string\"}],\"inLanguage\":\"es\"},{\"@type\":\"Organization\",\"@id\":\"https:\/\/comomeoyes.com\/blog\/#organization\",\"name\":\"ComoMeOyes\",\"url\":\"https:\/\/comomeoyes.com\/blog\/\",\"logo\":{\"@type\":\"ImageObject\",\"inLanguage\":\"es\",\"@id\":\"https:\/\/comomeoyes.com\/blog\/#\/schema\/logo\/image\/\",\"url\":\"https:\/\/comomeoyes.com\/blog\/wp-content\/uploads\/2018\/09\/favicon-96x96.png\",\"contentUrl\":\"https:\/\/comomeoyes.com\/blog\/wp-content\/uploads\/2018\/09\/favicon-96x96.png\",\"width\":96,\"height\":96,\"caption\":\"ComoMeOyes\"},\"image\":{\"@id\":\"https:\/\/comomeoyes.com\/blog\/#\/schema\/logo\/image\/\"},\"sameAs\":[\"https:\/\/www.facebook.com\/comomeoyes\/\",\"https:\/\/www.instagram.com\/comomeoyes\/\",\"https:\/\/www.linkedin.com\/company\/comomeoyes\"]}]}<\/script>\n<!-- \/ Yoast SEO plugin. -->","yoast_head_json":{"title":"Aplicaci\u00f3n ComoMeOyes ~ ComoMeOyes Blog","robots":{"index":"index","follow":"follow","max-snippet":"max-snippet:-1","max-image-preview":"max-image-preview:large","max-video-preview":"max-video-preview:-1"},"canonical":"https:\/\/comomeoyes.com\/blog\/aplicacion-comomeoyes\/","og_locale":"es_ES","og_type":"article","og_title":"Aplicaci\u00f3n ComoMeOyes ~ ComoMeOyes Blog","og_description":"En ComoMeOyes hemos desarrollado una aplicaci\u00f3n para simular c\u00f3mo nos oye una persona con sordera. Pulsa en la imagen de arriba para ir a la aplicaci\u00f3n ComoMeOyes y experimentar esta simulaci\u00f3n de audici\u00f3n como una persona sorda. Si dispones del audiograma de una persona que conozcas con p\u00e9rdida auditiva, te recomendamos que personalices el audiograma [&hellip;]","og_url":"https:\/\/comomeoyes.com\/blog\/aplicacion-comomeoyes\/","og_site_name":"ComoMeOyes Blog","article_publisher":"https:\/\/www.facebook.com\/comomeoyes\/","article_modified_time":"2020-12-02T04:08:14+00:00","og_image":[{"url":"https:\/\/comomeoyes.com\/blog\/wp-content\/uploads\/2019\/08\/03_04_1200-e1565313001550-1024x1024.jpg"}],"twitter_card":"summary_large_image","twitter_misc":{"Tiempo de lectura":"5 minutos"},"schema":{"@context":"https:\/\/schema.org","@graph":[{"@type":"WebPage","@id":"https:\/\/comomeoyes.com\/blog\/aplicacion-comomeoyes\/","url":"https:\/\/comomeoyes.com\/blog\/aplicacion-comomeoyes\/","name":"Aplicaci\u00f3n ComoMeOyes ~ ComoMeOyes Blog","isPartOf":{"@id":"https:\/\/comomeoyes.com\/blog\/#website"},"primaryImageOfPage":{"@id":"https:\/\/comomeoyes.com\/blog\/aplicacion-comomeoyes\/#primaryimage"},"image":{"@id":"https:\/\/comomeoyes.com\/blog\/aplicacion-comomeoyes\/#primaryimage"},"thumbnailUrl":"https:\/\/comomeoyes.com\/blog\/wp-content\/uploads\/2019\/08\/03_04_1200-e1565313001550-1024x1024.jpg","datePublished":"2020-11-22T15:33:45+00:00","dateModified":"2020-12-02T04:08:14+00:00","breadcrumb":{"@id":"https:\/\/comomeoyes.com\/blog\/aplicacion-comomeoyes\/#breadcrumb"},"inLanguage":"es","potentialAction":[{"@type":"ReadAction","target":["https:\/\/comomeoyes.com\/blog\/aplicacion-comomeoyes\/"]}]},{"@type":"ImageObject","inLanguage":"es","@id":"https:\/\/comomeoyes.com\/blog\/aplicacion-comomeoyes\/#primaryimage","url":"https:\/\/comomeoyes.com\/blog\/wp-content\/uploads\/2019\/08\/03_04_1200-e1565313001550.jpg","contentUrl":"https:\/\/comomeoyes.com\/blog\/wp-content\/uploads\/2019\/08\/03_04_1200-e1565313001550.jpg","width":1200,"height":892,"caption":"Legislaci\u00f3n sobre la detecci\u00f3n de la sordera en reci\u00e9n nacidos"},{"@type":"BreadcrumbList","@id":"https:\/\/comomeoyes.com\/blog\/aplicacion-comomeoyes\/#breadcrumb","itemListElement":[{"@type":"ListItem","position":1,"name":"Portada","item":"https:\/\/comomeoyes.com\/blog\/"},{"@type":"ListItem","position":2,"name":"Aplicaci\u00f3n ComoMeOyes"}]},{"@type":"WebSite","@id":"https:\/\/comomeoyes.com\/blog\/#website","url":"https:\/\/comomeoyes.com\/blog\/","name":"ComoMeOyes Blog","description":"Blog de ComoMeOyes","publisher":{"@id":"https:\/\/comomeoyes.com\/blog\/#organization"},"potentialAction":[{"@type":"SearchAction","target":{"@type":"EntryPoint","urlTemplate":"https:\/\/comomeoyes.com\/blog\/?s={search_term_string}"},"query-input":"required name=search_term_string"}],"inLanguage":"es"},{"@type":"Organization","@id":"https:\/\/comomeoyes.com\/blog\/#organization","name":"ComoMeOyes","url":"https:\/\/comomeoyes.com\/blog\/","logo":{"@type":"ImageObject","inLanguage":"es","@id":"https:\/\/comomeoyes.com\/blog\/#\/schema\/logo\/image\/","url":"https:\/\/comomeoyes.com\/blog\/wp-content\/uploads\/2018\/09\/favicon-96x96.png","contentUrl":"https:\/\/comomeoyes.com\/blog\/wp-content\/uploads\/2018\/09\/favicon-96x96.png","width":96,"height":96,"caption":"ComoMeOyes"},"image":{"@id":"https:\/\/comomeoyes.com\/blog\/#\/schema\/logo\/image\/"},"sameAs":["https:\/\/www.facebook.com\/comomeoyes\/","https:\/\/www.instagram.com\/comomeoyes\/","https:\/\/www.linkedin.com\/company\/comomeoyes"]}]}},"_links":{"self":[{"href":"https:\/\/comomeoyes.com\/blog\/wp-json\/wp\/v2\/pages\/307"}],"collection":[{"href":"https:\/\/comomeoyes.com\/blog\/wp-json\/wp\/v2\/pages"}],"about":[{"href":"https:\/\/comomeoyes.com\/blog\/wp-json\/wp\/v2\/types\/page"}],"author":[{"embeddable":true,"href":"https:\/\/comomeoyes.com\/blog\/wp-json\/wp\/v2\/users\/2"}],"replies":[{"embeddable":true,"href":"https:\/\/comomeoyes.com\/blog\/wp-json\/wp\/v2\/comments?post=307"}],"version-history":[{"count":7,"href":"https:\/\/comomeoyes.com\/blog\/wp-json\/wp\/v2\/pages\/307\/revisions"}],"predecessor-version":[{"id":325,"href":"https:\/\/comomeoyes.com\/blog\/wp-json\/wp\/v2\/pages\/307\/revisions\/325"}],"wp:attachment":[{"href":"https:\/\/comomeoyes.com\/blog\/wp-json\/wp\/v2\/media?parent=307"}],"curies":[{"name":"wp","href":"https:\/\/api.w.org\/{rel}","templated":true}]}}